{"id":6294,"date":"2025-12-05T11:59:37","date_gmt":"2025-12-05T09:59:37","guid":{"rendered":"https:\/\/klusumsvs.ambex.lv\/?post_type=product&#038;p=6294"},"modified":"2025-12-09T12:16:01","modified_gmt":"2025-12-09T10:16:01","slug":"drapets-koka-zarks-2","status":"publish","type":"product","link":"https:\/\/www.klusums.lv\/ru\/product\/drapets-koka-zarks-2\/","title":{"rendered":"\u0414\u0440\u0430\u043f\u0438\u0440\u043e\u0432\u0430\u043d\u043d\u044b\u0439 \u0434\u0435\u0440\u0435\u0432\u044f\u043d\u043d\u044b\u0439 \u0433\u0440\u043e\u0431"},"content":{"rendered":"<p>\u041f\u0440\u043e\u0441\u0438\u043c \u0443\u0447\u0438\u0442\u044b\u0432\u0430\u0442\u044c, \u0447\u0442\u043e \u0446\u0432\u0435\u0442\u0430 \u043d\u0430 \u0438\u0437\u043e\u0431\u0440\u0430\u0436\u0435\u043d\u0438\u0438 \u043c\u043e\u0433\u0443\u0442 \u043e\u0442\u043b\u0438\u0447\u0430\u0442\u044c\u0441\u044f \u043e\u0442 \u0440\u0435\u0430\u043b\u044c\u043d\u044b\u0445 \u0438\u0437-\u0437\u0430 \u043d\u0430\u0441\u0442\u0440\u043e\u0435\u043a \u044d\u043a\u0440\u0430\u043d\u0430.<br \/>\n\u0422\u043e\u0432\u0430\u0440 \u043c\u043e\u0436\u043d\u043e \u043f\u043e\u0441\u043c\u043e\u0442\u0440\u0435\u0442\u044c \u0438 \u043f\u0440\u0438\u043e\u0431\u0440\u0435\u0441\u0442\u0438 \u043b\u0438\u0447\u043d\u043e <a style=\"text-decoration: underline;\" href=\"https:\/\/www.klusums.lv\/ru\/contacts\/\">\u0432 \u043d\u0430\u0448\u0438\u0445 \u043e\u0444\u0438\u0441\u0430\u0445.<\/a>.<\/p>","protected":false},"excerpt":{"rendered":"<p>L\u016bdzam \u0146emt v\u0113r\u0101, ka att\u0113l\u0101 redzam\u0101s kr\u0101sas ekr\u0101na iestat\u012bjumu d\u0113\u013c var at\u0161\u0137irties no re\u0101laj\u0101m. Preci iesp\u0113jams apskat\u012bt un ieg\u0101d\u0101ties kl\u0101tien\u0113 m\u016bsu birojos. <span class=\"more-tag\"><a class=\"more-link btn btn-maincolor\" href=\"https:\/\/www.klusums.lv\/ru\/product\/drapets-koka-zarks-2\/\">Read More<span class=\"screen-reader-text\"> \"Drap\u0113ts koka z\u0101rks\"<\/span><\/a><\/span><!-- .more-tag --><\/p>","protected":false},"featured_media":6160,"template":"","meta":[],"product_brand":[],"product_cat":[62,80],"product_tag":[],"class_list":{"0":"post-6294","1":"product","2":"type-product","3":"status-publish","4":"has-post-thumbnail","6":"product_cat-zarki","7":"product_cat-drapetie-koka-zarki","9":"first","10":"instock","11":"virtual","12":"product-type-simple"},"_links":{"self":[{"href":"https:\/\/www.klusums.lv\/ru\/wp-json\/wp\/v2\/product\/6294","targetHints":{"allow":["GET"]}}],"collection":[{"href":"https:\/\/www.klusums.lv\/ru\/wp-json\/wp\/v2\/product"}],"about":[{"href":"https:\/\/www.klusums.lv\/ru\/wp-json\/wp\/v2\/types\/product"}],"wp:featuredmedia":[{"embeddable":true,"href":"https:\/\/www.klusums.lv\/ru\/wp-json\/wp\/v2\/media\/6160"}],"wp:attachment":[{"href":"https:\/\/www.klusums.lv\/ru\/wp-json\/wp\/v2\/media?parent=6294"}],"wp:term":[{"taxonomy":"product_brand","embeddable":true,"href":"https:\/\/www.klusums.lv\/ru\/wp-json\/wp\/v2\/product_brand?post=6294"},{"taxonomy":"product_cat","embeddable":true,"href":"https:\/\/www.klusums.lv\/ru\/wp-json\/wp\/v2\/product_cat?post=6294"},{"taxonomy":"product_tag","embeddable":true,"href":"https:\/\/www.klusums.lv\/ru\/wp-json\/wp\/v2\/product_tag?post=6294"}],"curies":[{"name":"wp","href":"https:\/\/api.w.org\/{rel}","templated":true}]}}