{"id":878,"date":"2023-08-10T14:18:36","date_gmt":"2023-08-10T14:18:36","guid":{"rendered":"https:\/\/klusumsvs.ambex.lv\/?page_id=878"},"modified":"2026-04-14T21:42:38","modified_gmt":"2026-04-14T18:42:38","slug":"https-www-klusums-lv-apbedisanas-pakalpojumi","status":"publish","type":"page","link":"https:\/\/www.klusums.lv\/ru\/https-www-klusums-lv-apbedisanas-pakalpojumi\/","title":{"rendered":"\u0423\u0441\u043b\u0443\u0433\u0438"},"content":{"rendered":"<div data-elementor-type=\"wp-page\" data-elementor-id=\"878\" class=\"elementor elementor-878\">\n\t\t\t\t\t\t<section class=\"elementor-section elementor-top-section elementor-element elementor-element-31dafdc elementor-section-boxed elementor-section-height-default elementor-section-height-default\" data-id=\"31dafdc\" data-element_type=\"section\" data-e-type=\"section\">\n\t\t\t\t\t\t<div class=\"elementor-container elementor-column-gap-default\">\n\t\t\t\t\t<div class=\"elementor-column elementor-col-100 elementor-top-column elementor-element elementor-element-92ea1b3\" data-id=\"92ea1b3\" data-element_type=\"column\" data-e-type=\"column\">\n\t\t\t<div class=\"elementor-widget-wrap elementor-element-populated\">\n\t\t\t\t\t\t<div class=\"elementor-element elementor-element-0a13edc elementor-widget elementor-widget-gallery-grid\" data-id=\"0a13edc\" data-element_type=\"widget\" data-e-type=\"widget\" data-settings=\"{&quot;items_per_row_tablet&quot;:2,&quot;layout_gap&quot;:&quot;60&quot;,&quot;items_per_row&quot;:3}\" data-widget_type=\"gallery-grid.default\">\n\t\t\t\t<div class=\"elementor-widget-container\">\n\t\t\t\t\t\t\t<div class=\"mwt-gallery-grid\">\n\t\t\t\t\t\t\t\t\t\t\t\t<div class=\"layout-cols layout-cols-3 layout-gap-60\">\n\t\t\t\t<div class=\"grid-columns-wrapper\">\n\t\t\t\t\t<div id=\"widget_portfolio_grid_69dedef55b28b\" class=\"masonry\" data-filters=\".grid_filters-69dedef55b28b\" data-order=\"\">\n\t\t\t\t\t\t<div class=\"grid-sizer\"><\/div>\n\t\t\t\t\t\t\t\t\t\t\t\t\t\t\t<div class=\"grid-item\">\n\t\t\t\t\t\t\t\t\t\t<div class=\"grid-item-wrap\">\n\t\t\t\t\t\t\t\t\t\t\t<div class=\"mwt-elementor-gallery-grid-image-wrap\">\n\t\t\t\t\t\t\t\t\t\t\t\t\t\t\t\t\t\t\t\t\t\t\t\t\t<a class=\"mwt-elementor-gallery-grid-links\" href=\"https:\/\/www.klusums.lv\/ru\/apbedisanas-dokumenti\/\">\n\t\t\t\t\t\t\t\t\t\t\t\t\t<img decoding=\"async\" class=\"slide-image\" src=\"https:\/\/www.klusums.lv\/wp-content\/uploads\/2025\/11\/dimitri-karastelev-ZH4FUYiaczY-unsplash-scaled.webp\" alt=\"Dokumentu sagatavo\u0161ana\" \/>\t\t\t\t\t\t\t\t\t\t\t\t\t\t<\/a>\n\t\t\t\t\t\t\t\t\t\t\t\t\t\t\t\t\t\t\t\t\t\t\t\t<\/div>\n\t\t\t\t\t\t\t\t\t\t\t\t\t\t\t\t\t\t\t\t\t\t<div class=\"mwt-elementor-gallery-grid-content-wrap\">\n\t\t\t\t\t\t\t\t\t\t\t\t\t\t\t\t\t\t\t\t\t\t\t\t\t<a href=\"https:\/\/www.klusums.lv\/ru\/apbedisanas-dokumenti\/\" class=\"mwt-elementor-gallery-grid-title\">\n\t\t\t\t\t\t\t\t\t\t\t\t\t\t\u041f\u043e\u0434\u0433\u043e\u0442\u043e\u0432\u043a\u0430 \u0434\u043e\u043a\u0443\u043c\u0435\u043d\u0442\u043e\u0432\t\t\t\t\t\t\t\t\t\t\t\t\t<\/a>\n\t\t\t\t\t\t\t\t\t\t\t\t\t\t\t\t\t\t\t\t\t\t\t\t\t<div class=\"mwt-elementor-gallery-grid-categories\">\n\t\t\t\t\t\t\t\t\t\t\t\t\t\t\t\t\t\t\t\t\t\t\t\t\t\t\t\t\t<span class=\"mwt-elementor-gallery-grid-categories-item\"><\/span><span class=\"mwt-elementor-gallery-grid-categories-comma\">,<\/span>\n\t\t\t\t\t\t\t\t\t\t\t\t\t\t\t\t\t\t\t\t\t\t\t\t\t\t\t<\/div>\n\t\t\t\t\t\t\t\t\t\t\t\t\t\t\t\t\t\t\t\t\t\t\t\t<div class=\"mwt-elementor-gallery-grid-description\">\n\t\t\t\t\t\t\t\t\t\t\t\t\t\t\t\t\t\t\t\t\t\t\t\t\t<\/div>\n\t\t\t\t\t\t\t\t\t\t\t<\/div>\n\t\t\t\t\t\t\t\t\t\t<\/div>\n\t\t\t\t\t\t\t\t\t<\/div>\n\t\t\t\t\t\t\t\t\t\t\t\t\t\t\t\t\t\t\t\t\t\t\t<div class=\"grid-item\">\n\t\t\t\t\t\t\t\t\t\t<div class=\"grid-item-wrap\">\n\t\t\t\t\t\t\t\t\t\t\t<div class=\"mwt-elementor-gallery-grid-image-wrap\">\n\t\t\t\t\t\t\t\t\t\t\t\t\t\t\t\t\t\t\t\t\t\t\t\t\t<a class=\"mwt-elementor-gallery-grid-links\" href=\"https:\/\/www.klusums.lv\/ru\/repatriacija\/\">\n\t\t\t\t\t\t\t\t\t\t\t\t\t<img decoding=\"async\" class=\"slide-image\" src=\"https:\/\/www.klusums.lv\/wp-content\/uploads\/2025\/11\/corpses-883954_1280.webp\" alt=\"Repatri\u0101cijas pakalpojumi\" \/>\t\t\t\t\t\t\t\t\t\t\t\t\t\t<\/a>\n\t\t\t\t\t\t\t\t\t\t\t\t\t\t\t\t\t\t\t\t\t\t\t\t<\/div>\n\t\t\t\t\t\t\t\t\t\t\t\t\t\t\t\t\t\t\t\t\t\t<div class=\"mwt-elementor-gallery-grid-content-wrap\">\n\t\t\t\t\t\t\t\t\t\t\t\t\t\t\t\t\t\t\t\t\t\t\t\t\t<a href=\"https:\/\/www.klusums.lv\/ru\/repatriacija\/\" class=\"mwt-elementor-gallery-grid-title\">\n\t\t\t\t\t\t\t\t\t\t\t\t\t\t\u0423\u0441\u043b\u0443\u0433\u0438 \u043f\u043e \u0440\u0435\u043f\u0430\u0442\u0440\u0438\u0430\u0446\u0438\u0438\t\t\t\t\t\t\t\t\t\t\t\t\t<\/a>\n\t\t\t\t\t\t\t\t\t\t\t\t\t\t\t\t\t\t\t\t\t\t\t\t\t<div class=\"mwt-elementor-gallery-grid-categories\">\n\t\t\t\t\t\t\t\t\t\t\t\t\t\t\t\t\t\t\t\t\t\t\t\t\t\t\t\t\t<span class=\"mwt-elementor-gallery-grid-categories-item\"><\/span><span class=\"mwt-elementor-gallery-grid-categories-comma\">,<\/span>\n\t\t\t\t\t\t\t\t\t\t\t\t\t\t\t\t\t\t\t\t\t\t\t\t\t\t\t<\/div>\n\t\t\t\t\t\t\t\t\t\t\t\t\t\t\t\t\t\t\t\t\t\t\t\t<div class=\"mwt-elementor-gallery-grid-description\">\n\t\t\t\t\t\t\t\t\t\t\t\t\t\t\t\t\t\t\t\t\t\t\t\t\t<\/div>\n\t\t\t\t\t\t\t\t\t\t\t<\/div>\n\t\t\t\t\t\t\t\t\t\t<\/div>\n\t\t\t\t\t\t\t\t\t<\/div>\n\t\t\t\t\t\t\t\t\t\t\t\t\t\t\t\t\t\t\t\t\t\t\t<div class=\"grid-item\">\n\t\t\t\t\t\t\t\t\t\t<div class=\"grid-item-wrap\">\n\t\t\t\t\t\t\t\t\t\t\t<div class=\"mwt-elementor-gallery-grid-image-wrap\">\n\t\t\t\t\t\t\t\t\t\t\t\t\t\t\t\t\t\t\t\t\t\t\t\t\t<a class=\"mwt-elementor-gallery-grid-links\" href=\"https:\/\/www.klusums.lv\/ru\/atvadas\/\">\n\t\t\t\t\t\t\t\t\t\t\t\t\t<img decoding=\"async\" class=\"slide-image\" src=\"https:\/\/www.klusums.lv\/wp-content\/uploads\/2025\/11\/pexels-pavel-danilyuk-7317734-scaled.webp\" alt=\"Atvadu ceremonijas organiz\u0113\u0161ana\" \/>\t\t\t\t\t\t\t\t\t\t\t\t\t\t<\/a>\n\t\t\t\t\t\t\t\t\t\t\t\t\t\t\t\t\t\t\t\t\t\t\t\t<\/div>\n\t\t\t\t\t\t\t\t\t\t\t\t\t\t\t\t\t\t\t\t\t\t<div class=\"mwt-elementor-gallery-grid-content-wrap\">\n\t\t\t\t\t\t\t\t\t\t\t\t\t\t\t\t\t\t\t\t\t\t\t\t\t<a href=\"https:\/\/www.klusums.lv\/ru\/atvadas\/\" class=\"mwt-elementor-gallery-grid-title\">\n\t\t\t\t\t\t\t\t\t\t\t\t\t\t\u041e\u0440\u0433\u0430\u043d\u0438\u0437\u0430\u0446\u0438\u044f \u043f\u0440\u043e\u0449\u0430\u043b\u044c\u043d\u043e\u0439 \u0446\u0435\u0440\u0435\u043c\u043e\u043d\u0438\u0438\t\t\t\t\t\t\t\t\t\t\t\t\t<\/a>\n\t\t\t\t\t\t\t\t\t\t\t\t\t\t\t\t\t\t\t\t\t\t\t\t\t<div class=\"mwt-elementor-gallery-grid-categories\">\n\t\t\t\t\t\t\t\t\t\t\t\t\t\t\t\t\t\t\t\t\t\t\t\t\t\t\t\t\t<span class=\"mwt-elementor-gallery-grid-categories-item\"><\/span><span class=\"mwt-elementor-gallery-grid-categories-comma\">,<\/span>\n\t\t\t\t\t\t\t\t\t\t\t\t\t\t\t\t\t\t\t\t\t\t\t\t\t\t\t<\/div>\n\t\t\t\t\t\t\t\t\t\t\t\t\t\t\t\t\t\t\t\t\t\t\t\t<div class=\"mwt-elementor-gallery-grid-description\">\n\t\t\t\t\t\t\t\t\t\t\t\t\t\t\t\t\t\t\t\t\t\t\t\t\t<\/div>\n\t\t\t\t\t\t\t\t\t\t\t<\/div>\n\t\t\t\t\t\t\t\t\t\t<\/div>\n\t\t\t\t\t\t\t\t\t<\/div>\n\t\t\t\t\t\t\t\t\t\t\t\t\t\t\t\t\t\t\t\t\t\t\t<div class=\"grid-item\">\n\t\t\t\t\t\t\t\t\t\t<div class=\"grid-item-wrap\">\n\t\t\t\t\t\t\t\t\t\t\t<div class=\"mwt-elementor-gallery-grid-image-wrap\">\n\t\t\t\t\t\t\t\t\t\t\t\t\t\t\t\t\t\t\t\t\t\t\t\t\t<a class=\"mwt-elementor-gallery-grid-links\" href=\"https:\/\/www.klusums.lv\/ru\/transports\/\">\n\t\t\t\t\t\t\t\t\t\t\t\t\t<img decoding=\"async\" class=\"slide-image\" src=\"https:\/\/www.klusums.lv\/wp-content\/uploads\/2025\/11\/patrick-quinn-IU9WLidYLws-unsplash-scaled.jpg\" alt=\"Transport\u0113\u0161ana uz morgu\" \/>\t\t\t\t\t\t\t\t\t\t\t\t\t\t<\/a>\n\t\t\t\t\t\t\t\t\t\t\t\t\t\t\t\t\t\t\t\t\t\t\t\t<\/div>\n\t\t\t\t\t\t\t\t\t\t\t\t\t\t\t\t\t\t\t\t\t\t<div class=\"mwt-elementor-gallery-grid-content-wrap\">\n\t\t\t\t\t\t\t\t\t\t\t\t\t\t\t\t\t\t\t\t\t\t\t\t\t<a href=\"https:\/\/www.klusums.lv\/ru\/transports\/\" class=\"mwt-elementor-gallery-grid-title\">\n\t\t\t\t\t\t\t\t\t\t\t\t\t\t\u0422\u0440\u0430\u043d\u0441\u043f\u043e\u0440\u0442\u0438\u0440\u043e\u0432\u043a\u0430 \u0432 \u043c\u043e\u0440\u0433\t\t\t\t\t\t\t\t\t\t\t\t\t<\/a>\n\t\t\t\t\t\t\t\t\t\t\t\t\t\t\t\t\t\t\t\t\t\t\t\t\t<div class=\"mwt-elementor-gallery-grid-categories\">\n\t\t\t\t\t\t\t\t\t\t\t\t\t\t\t\t\t\t\t\t\t\t\t\t\t\t\t\t\t<span class=\"mwt-elementor-gallery-grid-categories-item\"><\/span><span class=\"mwt-elementor-gallery-grid-categories-comma\">,<\/span>\n\t\t\t\t\t\t\t\t\t\t\t\t\t\t\t\t\t\t\t\t\t\t\t\t\t\t\t<\/div>\n\t\t\t\t\t\t\t\t\t\t\t\t\t\t\t\t\t\t\t\t\t\t\t\t<div class=\"mwt-elementor-gallery-grid-description\">\n\t\t\t\t\t\t\t\t\t\t\t\t\t\t\t\t\t\t\t\t\t\t\t\t\t<\/div>\n\t\t\t\t\t\t\t\t\t\t\t<\/div>\n\t\t\t\t\t\t\t\t\t\t<\/div>\n\t\t\t\t\t\t\t\t\t<\/div>\n\t\t\t\t\t\t\t\t\t\t\t\t\t\t\t\t\t\t\t\t\t\t\t<div class=\"grid-item\">\n\t\t\t\t\t\t\t\t\t\t<div class=\"grid-item-wrap\">\n\t\t\t\t\t\t\t\t\t\t\t<div class=\"mwt-elementor-gallery-grid-image-wrap\">\n\t\t\t\t\t\t\t\t\t\t\t\t\t\t\t\t\t\t\t\t\t\t\t\t\t<a class=\"mwt-elementor-gallery-grid-links\" href=\"https:\/\/www.klusums.lv\/ru\/sanitarie\/\">\n\t\t\t\t\t\t\t\t\t\t\t\t\t<img decoding=\"async\" class=\"slide-image\" src=\"https:\/\/www.klusums.lv\/wp-content\/uploads\/2025\/11\/ChatGPT-Image-Nov-19-2025-10_25_09-AM.png\" alt=\"Sanit\u0101rie pakalpojumi morg\u0101\" \/>\t\t\t\t\t\t\t\t\t\t\t\t\t\t<\/a>\n\t\t\t\t\t\t\t\t\t\t\t\t\t\t\t\t\t\t\t\t\t\t\t\t<\/div>\n\t\t\t\t\t\t\t\t\t\t\t\t\t\t\t\t\t\t\t\t\t\t<div class=\"mwt-elementor-gallery-grid-content-wrap\">\n\t\t\t\t\t\t\t\t\t\t\t\t\t\t\t\t\t\t\t\t\t\t\t\t\t<a href=\"https:\/\/www.klusums.lv\/ru\/sanitarie\/\" class=\"mwt-elementor-gallery-grid-title\">\n\t\t\t\t\t\t\t\t\t\t\t\t\t\t\u0421\u0430\u043d\u0438\u0442\u0430\u0440\u043d\u044b\u0435 \u0443\u0441\u043b\u0443\u0433\u0438 \u0432 \u043c\u043e\u0440\u0433\u0435\t\t\t\t\t\t\t\t\t\t\t\t\t<\/a>\n\t\t\t\t\t\t\t\t\t\t\t\t\t\t\t\t\t\t\t\t\t\t\t\t\t<div class=\"mwt-elementor-gallery-grid-categories\">\n\t\t\t\t\t\t\t\t\t\t\t\t\t\t\t\t\t\t\t\t\t\t\t\t\t\t\t\t\t<span class=\"mwt-elementor-gallery-grid-categories-item\"><\/span><span class=\"mwt-elementor-gallery-grid-categories-comma\">,<\/span>\n\t\t\t\t\t\t\t\t\t\t\t\t\t\t\t\t\t\t\t\t\t\t\t\t\t\t\t<\/div>\n\t\t\t\t\t\t\t\t\t\t\t\t\t\t\t\t\t\t\t\t\t\t\t\t<div class=\"mwt-elementor-gallery-grid-description\">\n\t\t\t\t\t\t\t\t\t\t\t\t\t\t\t\t\t\t\t\t\t\t\t\t\t<\/div>\n\t\t\t\t\t\t\t\t\t\t\t<\/div>\n\t\t\t\t\t\t\t\t\t\t<\/div>\n\t\t\t\t\t\t\t\t\t<\/div>\n\t\t\t\t\t\t\t\t\t\t\t\t\t\t\t\t\t\t\t\t\t\t\t<div class=\"grid-item\">\n\t\t\t\t\t\t\t\t\t\t<div class=\"grid-item-wrap\">\n\t\t\t\t\t\t\t\t\t\t\t<div class=\"mwt-elementor-gallery-grid-image-wrap\">\n\t\t\t\t\t\t\t\t\t\t\t\t\t\t\t\t\t\t\t\t\t\t\t\t\t<a class=\"mwt-elementor-gallery-grid-links\" href=\"https:\/\/www.klusums.lv\/ru\/katafalks\/\">\n\t\t\t\t\t\t\t\t\t\t\t\t\t<img decoding=\"async\" class=\"slide-image\" src=\"https:\/\/www.klusums.lv\/wp-content\/uploads\/2025\/12\/funeral-2421820_1920-2.jpg\" alt=\"Katafalks un nes\u0113ji\" \/>\t\t\t\t\t\t\t\t\t\t\t\t\t\t<\/a>\n\t\t\t\t\t\t\t\t\t\t\t\t\t\t\t\t\t\t\t\t\t\t\t\t<\/div>\n\t\t\t\t\t\t\t\t\t\t\t\t\t\t\t\t\t\t\t\t\t\t<div class=\"mwt-elementor-gallery-grid-content-wrap\">\n\t\t\t\t\t\t\t\t\t\t\t\t\t\t\t\t\t\t\t\t\t\t\t\t\t<a href=\"https:\/\/www.klusums.lv\/ru\/katafalks\/\" class=\"mwt-elementor-gallery-grid-title\">\n\t\t\t\t\t\t\t\t\t\t\t\t\t\t\u041a\u0430\u0442\u0430\u0444\u0430\u043b\u043a \u0438 \u043d\u043e\u0441\u0438\u043b\u044c\u0449\u0438\u043a\u0438\t\t\t\t\t\t\t\t\t\t\t\t\t<\/a>\n\t\t\t\t\t\t\t\t\t\t\t\t\t\t\t\t\t\t\t\t\t\t\t\t\t<div class=\"mwt-elementor-gallery-grid-categories\">\n\t\t\t\t\t\t\t\t\t\t\t\t\t\t\t\t\t\t\t\t\t\t\t\t\t\t\t\t\t<span class=\"mwt-elementor-gallery-grid-categories-item\"><\/span><span class=\"mwt-elementor-gallery-grid-categories-comma\">,<\/span>\n\t\t\t\t\t\t\t\t\t\t\t\t\t\t\t\t\t\t\t\t\t\t\t\t\t\t\t<\/div>\n\t\t\t\t\t\t\t\t\t\t\t\t\t\t\t\t\t\t\t\t\t\t\t\t<div class=\"mwt-elementor-gallery-grid-description\">\n\t\t\t\t\t\t\t\t\t\t\t\t\t\t\t\t\t\t\t\t\t\t\t\t\t<\/div>\n\t\t\t\t\t\t\t\t\t\t\t<\/div>\n\t\t\t\t\t\t\t\t\t\t<\/div>\n\t\t\t\t\t\t\t\t\t<\/div>\n\t\t\t\t\t\t\t\t\t\t\t\t\t\t\t\t\t\t\t\t\t\t\t<div class=\"grid-item\">\n\t\t\t\t\t\t\t\t\t\t<div class=\"grid-item-wrap\">\n\t\t\t\t\t\t\t\t\t\t\t<div class=\"mwt-elementor-gallery-grid-image-wrap\">\n\t\t\t\t\t\t\t\t\t\t\t\t\t\t\t\t\t\t\t\t\t\t\t\t\t<a class=\"mwt-elementor-gallery-grid-links\" href=\"https:\/\/www.klusums.lv\/ru\/beru-mielasts\/\">\n\t\t\t\t\t\t\t\t\t\t\t\t\t<img decoding=\"async\" class=\"slide-image\" src=\"https:\/\/www.klusums.lv\/wp-content\/uploads\/2025\/11\/pexels-ekrulila-11906264-scaled.webp\" alt=\"Piemi\u0146as mielasta organiz\u0113\u0161ana\" \/>\t\t\t\t\t\t\t\t\t\t\t\t\t\t<\/a>\n\t\t\t\t\t\t\t\t\t\t\t\t\t\t\t\t\t\t\t\t\t\t\t\t<\/div>\n\t\t\t\t\t\t\t\t\t\t\t\t\t\t\t\t\t\t\t\t\t\t<div class=\"mwt-elementor-gallery-grid-content-wrap\">\n\t\t\t\t\t\t\t\t\t\t\t\t\t\t\t\t\t\t\t\t\t\t\t\t\t<a href=\"https:\/\/www.klusums.lv\/ru\/beru-mielasts\/\" class=\"mwt-elementor-gallery-grid-title\">\n\t\t\t\t\t\t\t\t\t\t\t\t\t\t\u041e\u0440\u0433\u0430\u043d\u0438\u0437\u0430\u0446\u0438\u044f \u043f\u043e\u043c\u0438\u043d\u0430\u043b\u044c\u043d\u043e\u0433\u043e \u043e\u0431\u0435\u0434\u0430\t\t\t\t\t\t\t\t\t\t\t\t\t<\/a>\n\t\t\t\t\t\t\t\t\t\t\t\t\t\t\t\t\t\t\t\t\t\t\t\t\t<div class=\"mwt-elementor-gallery-grid-categories\">\n\t\t\t\t\t\t\t\t\t\t\t\t\t\t\t\t\t\t\t\t\t\t\t\t\t\t\t\t\t<span class=\"mwt-elementor-gallery-grid-categories-item\"><\/span><span class=\"mwt-elementor-gallery-grid-categories-comma\">,<\/span>\n\t\t\t\t\t\t\t\t\t\t\t\t\t\t\t\t\t\t\t\t\t\t\t\t\t\t\t<\/div>\n\t\t\t\t\t\t\t\t\t\t\t\t\t\t\t\t\t\t\t\t\t\t\t\t<div class=\"mwt-elementor-gallery-grid-description\">\n\t\t\t\t\t\t\t\t\t\t\t\t\t\t\t\t\t\t\t\t\t\t\t\t\t<\/div>\n\t\t\t\t\t\t\t\t\t\t\t<\/div>\n\t\t\t\t\t\t\t\t\t\t<\/div>\n\t\t\t\t\t\t\t\t\t<\/div>\n\t\t\t\t\t\t\t\t\t\t\t\t\t\t\t\t\t\t\t\t\t\t\t<div class=\"grid-item\">\n\t\t\t\t\t\t\t\t\t\t<div class=\"grid-item-wrap\">\n\t\t\t\t\t\t\t\t\t\t\t<div class=\"mwt-elementor-gallery-grid-image-wrap\">\n\t\t\t\t\t\t\t\t\t\t\t\t\t\t\t\t\t\t\t\t\t\t\t\t\t<a class=\"mwt-elementor-gallery-grid-links\" href=\"https:\/\/www.klusums.lv\/ru\/transports2\/\">\n\t\t\t\t\t\t\t\t\t\t\t\t\t<img decoding=\"async\" class=\"slide-image\" src=\"https:\/\/www.klusums.lv\/wp-content\/uploads\/2025\/12\/image-1.jpg\" alt=\"Transports pavad\u012bt\u0101jiem\" \/>\t\t\t\t\t\t\t\t\t\t\t\t\t\t<\/a>\n\t\t\t\t\t\t\t\t\t\t\t\t\t\t\t\t\t\t\t\t\t\t\t\t<\/div>\n\t\t\t\t\t\t\t\t\t\t\t\t\t\t\t\t\t\t\t\t\t\t<div class=\"mwt-elementor-gallery-grid-content-wrap\">\n\t\t\t\t\t\t\t\t\t\t\t\t\t\t\t\t\t\t\t\t\t\t\t\t\t<a href=\"https:\/\/www.klusums.lv\/ru\/transports2\/\" class=\"mwt-elementor-gallery-grid-title\">\n\t\t\t\t\t\t\t\t\t\t\t\t\t\t\u0422\u0440\u0430\u043d\u0441\u043f\u043e\u0440\u0442 \u0434\u043b\u044f \u0441\u043e\u043f\u0440\u043e\u0432\u043e\u0436\u0434\u0430\u044e\u0449\u0438\u0445\t\t\t\t\t\t\t\t\t\t\t\t\t<\/a>\n\t\t\t\t\t\t\t\t\t\t\t\t\t\t\t\t\t\t\t\t\t\t\t\t\t<div class=\"mwt-elementor-gallery-grid-categories\">\n\t\t\t\t\t\t\t\t\t\t\t\t\t\t\t\t\t\t\t\t\t\t\t\t\t\t\t\t\t<span class=\"mwt-elementor-gallery-grid-categories-item\"><\/span><span class=\"mwt-elementor-gallery-grid-categories-comma\">,<\/span>\n\t\t\t\t\t\t\t\t\t\t\t\t\t\t\t\t\t\t\t\t\t\t\t\t\t\t\t<\/div>\n\t\t\t\t\t\t\t\t\t\t\t\t\t\t\t\t\t\t\t\t\t\t\t\t<div class=\"mwt-elementor-gallery-grid-description\">\n\t\t\t\t\t\t\t\t\t\t\t\t\t\t\t\t\t\t\t\t\t\t\t\t\t<\/div>\n\t\t\t\t\t\t\t\t\t\t\t<\/div>\n\t\t\t\t\t\t\t\t\t\t<\/div>\n\t\t\t\t\t\t\t\t\t<\/div>\n\t\t\t\t\t\t\t\t\t\t\t\t\t\t\t\t\t\t\t\t\t\t\t<div class=\"grid-item\">\n\t\t\t\t\t\t\t\t\t\t<div class=\"grid-item-wrap\">\n\t\t\t\t\t\t\t\t\t\t\t<div class=\"mwt-elementor-gallery-grid-image-wrap\">\n\t\t\t\t\t\t\t\t\t\t\t\t\t\t\t\t\t\t\t\t\t\t\t\t\t<a class=\"mwt-elementor-gallery-grid-links\" href=\"https:\/\/www.klusums.lv\/ru\/muzika\/\">\n\t\t\t\t\t\t\t\t\t\t\t\t\t<img decoding=\"async\" class=\"slide-image\" src=\"https:\/\/www.klusums.lv\/wp-content\/uploads\/2025\/12\/pexels-mikhail-nilov-7570098-scaled.jpg\" alt=\"M\u016bzikas pavad\u012bjums ceremonijas laik\u0101\" \/>\t\t\t\t\t\t\t\t\t\t\t\t\t\t<\/a>\n\t\t\t\t\t\t\t\t\t\t\t\t\t\t\t\t\t\t\t\t\t\t\t\t<\/div>\n\t\t\t\t\t\t\t\t\t\t\t\t\t\t\t\t\t\t\t\t\t\t<div class=\"mwt-elementor-gallery-grid-content-wrap\">\n\t\t\t\t\t\t\t\t\t\t\t\t\t\t\t\t\t\t\t\t\t\t\t\t\t<a href=\"https:\/\/www.klusums.lv\/ru\/muzika\/\" class=\"mwt-elementor-gallery-grid-title\">\n\t\t\t\t\t\t\t\t\t\t\t\t\t\t\u041c\u0443\u0437\u044b\u043a\u0430\u043b\u044c\u043d\u043e\u0435 \u0441\u043e\u043f\u0440\u043e\u0432\u043e\u0436\u0434\u0435\u043d\u0438\u0435 \u0432\u043e \u0432\u0440\u0435\u043c\u044f \u0446\u0435\u0440\u0435\u043c\u043e\u043d\u0438\u0438\t\t\t\t\t\t\t\t\t\t\t\t\t<\/a>\n\t\t\t\t\t\t\t\t\t\t\t\t\t\t\t\t\t\t\t\t\t\t\t\t\t<div class=\"mwt-elementor-gallery-grid-categories\">\n\t\t\t\t\t\t\t\t\t\t\t\t\t\t\t\t\t\t\t\t\t\t\t\t\t\t\t\t\t<span class=\"mwt-elementor-gallery-grid-categories-item\"><\/span><span class=\"mwt-elementor-gallery-grid-categories-comma\">,<\/span>\n\t\t\t\t\t\t\t\t\t\t\t\t\t\t\t\t\t\t\t\t\t\t\t\t\t\t\t<\/div>\n\t\t\t\t\t\t\t\t\t\t\t\t\t\t\t\t\t\t\t\t\t\t\t\t<div class=\"mwt-elementor-gallery-grid-description\">\n\t\t\t\t\t\t\t\t\t\t\t\t\t\t\t\t\t\t\t\t\t\t\t\t\t<\/div>\n\t\t\t\t\t\t\t\t\t\t\t<\/div>\n\t\t\t\t\t\t\t\t\t\t<\/div>\n\t\t\t\t\t\t\t\t\t<\/div>\n\t\t\t\t\t\t\t\t\t\t\t\t\t\t\t\t\t\t\t\t\t\t\t<div class=\"grid-item\">\n\t\t\t\t\t\t\t\t\t\t<div class=\"grid-item-wrap\">\n\t\t\t\t\t\t\t\t\t\t\t<div class=\"mwt-elementor-gallery-grid-image-wrap\">\n\t\t\t\t\t\t\t\t\t\t\t\t\t\t\t\t\t\t\t\t\t\t\t\t\t<a class=\"mwt-elementor-gallery-grid-links\" href=\"https:\/\/www.klusums.lv\/ru\/seras\/\">\n\t\t\t\t\t\t\t\t\t\t\t\t\t<img decoding=\"async\" class=\"slide-image\" src=\"https:\/\/www.klusums.lv\/wp-content\/uploads\/2025\/12\/image-4.jpg\" alt=\"S\u0113ru floristikas pakalpojumi\" \/>\t\t\t\t\t\t\t\t\t\t\t\t\t\t<\/a>\n\t\t\t\t\t\t\t\t\t\t\t\t\t\t\t\t\t\t\t\t\t\t\t\t<\/div>\n\t\t\t\t\t\t\t\t\t\t\t\t\t\t\t\t\t\t\t\t\t\t<div class=\"mwt-elementor-gallery-grid-content-wrap\">\n\t\t\t\t\t\t\t\t\t\t\t\t\t\t\t\t\t\t\t\t\t\t\t\t\t<a href=\"https:\/\/www.klusums.lv\/ru\/seras\/\" class=\"mwt-elementor-gallery-grid-title\">\n\t\t\t\t\t\t\t\t\t\t\t\t\t\t\u0423\u0441\u043b\u0443\u0433\u0438 \u043f\u043e\u0445\u043e\u0440\u043e\u043d\u043d\u043e\u0439 \u0444\u043b\u043e\u0440\u0438\u0441\u0442\u0438\u043a\u0438\t\t\t\t\t\t\t\t\t\t\t\t\t<\/a>\n\t\t\t\t\t\t\t\t\t\t\t\t\t\t\t\t\t\t\t\t\t\t\t\t\t<div class=\"mwt-elementor-gallery-grid-categories\">\n\t\t\t\t\t\t\t\t\t\t\t\t\t\t\t\t\t\t\t\t\t\t\t\t\t\t\t\t\t<span class=\"mwt-elementor-gallery-grid-categories-item\"><\/span><span class=\"mwt-elementor-gallery-grid-categories-comma\">,<\/span>\n\t\t\t\t\t\t\t\t\t\t\t\t\t\t\t\t\t\t\t\t\t\t\t\t\t\t\t<\/div>\n\t\t\t\t\t\t\t\t\t\t\t\t\t\t\t\t\t\t\t\t\t\t\t\t<div class=\"mwt-elementor-gallery-grid-description\">\n\t\t\t\t\t\t\t\t\t\t\t\t\t\t\t\t\t\t\t\t\t\t\t\t\t<\/div>\n\t\t\t\t\t\t\t\t\t\t\t<\/div>\n\t\t\t\t\t\t\t\t\t\t<\/div>\n\t\t\t\t\t\t\t\t\t<\/div>\n\t\t\t\t\t\t\t\t\t\t\t\t\t\t\t\t\t\t\t\t\t\t\t<div class=\"grid-item\">\n\t\t\t\t\t\t\t\t\t\t<div class=\"grid-item-wrap\">\n\t\t\t\t\t\t\t\t\t\t\t<div class=\"mwt-elementor-gallery-grid-image-wrap\">\n\t\t\t\t\t\t\t\t\t\t\t\t\t\t\t\t\t\t\t\t\t\t\t\t\t<a class=\"mwt-elementor-gallery-grid-links\" href=\"https:\/\/www.klusums.lv\/ru\/fotografs\/\">\n\t\t\t\t\t\t\t\t\t\t\t\t\t<img decoding=\"async\" class=\"slide-image\" src=\"https:\/\/www.klusums.lv\/wp-content\/uploads\/2025\/12\/image-3.jpg\" alt=\"Fotogr\u0101fa pakalpojumi\" \/>\t\t\t\t\t\t\t\t\t\t\t\t\t\t<\/a>\n\t\t\t\t\t\t\t\t\t\t\t\t\t\t\t\t\t\t\t\t\t\t\t\t<\/div>\n\t\t\t\t\t\t\t\t\t\t\t\t\t\t\t\t\t\t\t\t\t\t<div class=\"mwt-elementor-gallery-grid-content-wrap\">\n\t\t\t\t\t\t\t\t\t\t\t\t\t\t\t\t\t\t\t\t\t\t\t\t\t<a href=\"https:\/\/www.klusums.lv\/ru\/fotografs\/\" class=\"mwt-elementor-gallery-grid-title\">\n\t\t\t\t\t\t\t\t\t\t\t\t\t\t\u0423\u0441\u043b\u0443\u0433\u0438 \u0444\u043e\u0442\u043e\u0433\u0440\u0430\u0444\u0430\t\t\t\t\t\t\t\t\t\t\t\t\t<\/a>\n\t\t\t\t\t\t\t\t\t\t\t\t\t\t\t\t\t\t\t\t\t\t\t\t\t<div class=\"mwt-elementor-gallery-grid-categories\">\n\t\t\t\t\t\t\t\t\t\t\t\t\t\t\t\t\t\t\t\t\t\t\t\t\t\t\t\t\t<span class=\"mwt-elementor-gallery-grid-categories-item\"><\/span><span class=\"mwt-elementor-gallery-grid-categories-comma\">,<\/span>\n\t\t\t\t\t\t\t\t\t\t\t\t\t\t\t\t\t\t\t\t\t\t\t\t\t\t\t<\/div>\n\t\t\t\t\t\t\t\t\t\t\t\t\t\t\t\t\t\t\t\t\t\t\t\t<div class=\"mwt-elementor-gallery-grid-description\">\n\t\t\t\t\t\t\t\t\t\t\t\t\t\t\t\t\t\t\t\t\t\t\t\t\t<\/div>\n\t\t\t\t\t\t\t\t\t\t\t<\/div>\n\t\t\t\t\t\t\t\t\t\t<\/div>\n\t\t\t\t\t\t\t\t\t<\/div>\n\t\t\t\t\t\t\t\t\t\t\t\t\t\t\t\t\t\t\t\t\t\t\t<div class=\"grid-item\">\n\t\t\t\t\t\t\t\t\t\t<div class=\"grid-item-wrap\">\n\t\t\t\t\t\t\t\t\t\t\t<div class=\"mwt-elementor-gallery-grid-image-wrap\">\n\t\t\t\t\t\t\t\t\t\t\t\t\t\t\t\t\t\t\t\t\t\t\t\t\t<a class=\"mwt-elementor-gallery-grid-links\" href=\"https:\/\/www.klusums.lv\/ru\/kapavieta\/\">\n\t\t\t\t\t\t\t\t\t\t\t\t\t<img decoding=\"async\" class=\"slide-image\" src=\"https:\/\/www.klusums.lv\/wp-content\/uploads\/2025\/12\/image.jpg\" alt=\"Kapavietu labiek\u0101rto\u0161ana un uztur\u0113\u0161ana\" \/>\t\t\t\t\t\t\t\t\t\t\t\t\t\t<\/a>\n\t\t\t\t\t\t\t\t\t\t\t\t\t\t\t\t\t\t\t\t\t\t\t\t<\/div>\n\t\t\t\t\t\t\t\t\t\t\t\t\t\t\t\t\t\t\t\t\t\t<div class=\"mwt-elementor-gallery-grid-content-wrap\">\n\t\t\t\t\t\t\t\t\t\t\t\t\t\t\t\t\t\t\t\t\t\t\t\t\t<a href=\"https:\/\/www.klusums.lv\/ru\/kapavieta\/\" class=\"mwt-elementor-gallery-grid-title\">\n\t\t\t\t\t\t\t\t\t\t\t\t\t\t\u0411\u043b\u0430\u0433\u043e\u0443\u0441\u0442\u0440\u043e\u0439\u0441\u0442\u0432\u043e \u0438 \u0441\u043e\u0434\u0435\u0440\u0436\u0430\u043d\u0438\u0435 \u043a\u043b\u0430\u0434\u0431\u0438\u0449\t\t\t\t\t\t\t\t\t\t\t\t\t<\/a>\n\t\t\t\t\t\t\t\t\t\t\t\t\t\t\t\t\t\t\t\t\t\t\t\t\t<div class=\"mwt-elementor-gallery-grid-categories\">\n\t\t\t\t\t\t\t\t\t\t\t\t\t\t\t\t\t\t\t\t\t\t\t\t\t\t\t\t\t<span class=\"mwt-elementor-gallery-grid-categories-item\"><\/span><span class=\"mwt-elementor-gallery-grid-categories-comma\">,<\/span>\n\t\t\t\t\t\t\t\t\t\t\t\t\t\t\t\t\t\t\t\t\t\t\t\t\t\t\t<\/div>\n\t\t\t\t\t\t\t\t\t\t\t\t\t\t\t\t\t\t\t\t\t\t\t\t<div class=\"mwt-elementor-gallery-grid-description\">\n\t\t\t\t\t\t\t\t\t\t\t\t\t\t\t\t\t\t\t\t\t\t\t\t\t<\/div>\n\t\t\t\t\t\t\t\t\t\t\t<\/div>\n\t\t\t\t\t\t\t\t\t\t<\/div>\n\t\t\t\t\t\t\t\t\t<\/div>\n\t\t\t\t\t\t\t\t\t\t\t\t\t\t\t\t\t\t\t<\/div>\n\t\t\t\t<\/div>\n\t\t\t<\/div>\n\t\t<\/div>\n\t\t\t\t<\/div>\n\t\t\t\t<\/div>\n\t\t\t\t\t<\/div>\n\t\t<\/div>\n\t\t\t\t\t<\/div>\n\t\t<\/section>\n\t\t\t\t<\/div>","protected":false},"excerpt":{"rendered":"<p>Dokumentu sagatavo\u0161ana , Repatri\u0101cijas pakalpojumi , Atvadu ceremonijas organiz\u0113\u0161ana , Transport\u0113\u0161ana uz morgu , Sanit\u0101rie pakalpojumi morg\u0101 , Katafalks un nes\u0113ji , Piemi\u0146as mielasta organiz\u0113\u0161ana , Transports pavad\u012bt\u0101jiem , M\u016bzikas pavad\u012bjums ceremonijas laik\u0101 , S\u0113ru floristikas pakalpojumi , Fotogr\u0101fa pakalpojumi , Kapavietu<span class=\"more-dots\">&#8230;<\/span> <span class=\"more-tag\"><a class=\"more-link btn btn-maincolor\" href=\"https:\/\/www.klusums.lv\/ru\/https-www-klusums-lv-apbedisanas-pakalpojumi\/\">Read More<span class=\"screen-reader-text\"> \"Pakalpojumi\"<\/span><\/a><\/span><!-- .more-tag --><\/p>","protected":false},"author":1,"featured_media":7438,"parent":0,"menu_order":0,"comment_status":"closed","ping_status":"closed","template":"page-templates\/full-width.php","meta":{"footnotes":""},"class_list":["post-878","page","type-page","status-publish","has-post-thumbnail","hentry"],"_links":{"self":[{"href":"https:\/\/www.klusums.lv\/ru\/wp-json\/wp\/v2\/pages\/878","targetHints":{"allow":["GET"]}}],"collection":[{"href":"https:\/\/www.klusums.lv\/ru\/wp-json\/wp\/v2\/pages"}],"about":[{"href":"https:\/\/www.klusums.lv\/ru\/wp-json\/wp\/v2\/types\/page"}],"author":[{"embeddable":true,"href":"https:\/\/www.klusums.lv\/ru\/wp-json\/wp\/v2\/users\/1"}],"replies":[{"embeddable":true,"href":"https:\/\/www.klusums.lv\/ru\/wp-json\/wp\/v2\/comments?post=878"}],"version-history":[{"count":38,"href":"https:\/\/www.klusums.lv\/ru\/wp-json\/wp\/v2\/pages\/878\/revisions"}],"predecessor-version":[{"id":7441,"href":"https:\/\/www.klusums.lv\/ru\/wp-json\/wp\/v2\/pages\/878\/revisions\/7441"}],"wp:featuredmedia":[{"embeddable":true,"href":"https:\/\/www.klusums.lv\/ru\/wp-json\/wp\/v2\/media\/7438"}],"wp:attachment":[{"href":"https:\/\/www.klusums.lv\/ru\/wp-json\/wp\/v2\/media?parent=878"}],"curies":[{"name":"wp","href":"https:\/\/api.w.org\/{rel}","templated":true}]}}