{"id":5683,"date":"2025-12-03T10:11:01","date_gmt":"2025-12-03T08:11:01","guid":{"rendered":"https:\/\/klusumsvs.ambex.lv\/?page_id=5683"},"modified":"2026-03-20T10:47:41","modified_gmt":"2026-03-20T08:47:41","slug":"cookies-policy","status":"publish","type":"page","link":"https:\/\/www.klusums.lv\/ru\/cookies-policy\/","title":{"rendered":"\u041f\u043e\u043b\u0438\u0442\u0438\u043a\u0430 \u00ab\u043a\u0443\u043a\u0438\u00bb"},"content":{"rendered":"<div data-elementor-type=\"wp-page\" data-elementor-id=\"5683\" class=\"elementor elementor-5683\">\n\t\t\t\t\t\t<section class=\"elementor-section elementor-top-section elementor-element elementor-element-565746a3 elementor-section-boxed elementor-section-height-default elementor-section-height-default\" data-id=\"565746a3\" data-element_type=\"section\" data-e-type=\"section\">\n\t\t\t\t\t\t<div class=\"elementor-container elementor-column-gap-default\">\n\t\t\t\t\t<div class=\"elementor-column elementor-col-100 elementor-top-column elementor-element elementor-element-779b76b\" data-id=\"779b76b\" data-element_type=\"column\" data-e-type=\"column\">\n\t\t\t<div class=\"elementor-widget-wrap elementor-element-populated\">\n\t\t\t\t\t\t<div class=\"elementor-element elementor-element-2470f29d elementor-widget elementor-widget-text-editor\" data-id=\"2470f29d\" data-element_type=\"widget\" data-e-type=\"widget\" data-widget_type=\"text-editor.default\">\n\t\t\t\t<div class=\"elementor-widget-container\">\n\t\t\t\t\t\t\t\t\t<h2>1. <strong data-start=\"327\" data-end=\"348\">\u0427\u0442\u043e \u0442\u0430\u043a\u043e\u0435 \u0444\u0430\u0439\u043b\u044b \u00ab\u043a\u0443\u043a\u0438\u00bb?<\/strong><\/h2>\n<p>\u0424\u0430\u0439\u043b\u044b \u00ab\u043a\u0443\u043a\u0438\u00bb - \u044d\u0442\u043e \u043c\u0430\u043b\u0435\u043d\u044c\u043a\u0438\u0435 \u0442\u0435\u043a\u0441\u0442\u043e\u0432\u044b\u0435 \u0444\u0430\u0439\u043b\u044b, \u043a\u043e\u0442\u043e\u0440\u044b\u0435 \u0441\u043e\u0445\u0440\u0430\u043d\u044f\u044e\u0442\u0441\u044f \u043d\u0430 \u0432\u0430\u0448\u0435\u043c \u0443\u0441\u0442\u0440\u043e\u0439\u0441\u0442\u0432\u0435 (\u043a\u043e\u043c\u043f\u044c\u044e\u0442\u0435\u0440\u0435, \u0442\u0435\u043b\u0435\u0444\u043e\u043d\u0435 \u0438 \u0442.\u0434.) \u043f\u0440\u0438 \u043f\u043e\u0441\u0435\u0449\u0435\u043d\u0438\u0438 \u043d\u0430\u0448\u0435\u0433\u043e \u0441\u0430\u0439\u0442\u0430.<br data-start=\"473\" data-end=\"476\" \/>\u041e\u043d\u0438 \u043f\u043e\u043c\u043e\u0433\u0430\u044e\u0442 \u043e\u0431\u0435\u0441\u043f\u0435\u0447\u0438\u0442\u044c \u043f\u0440\u0430\u0432\u0438\u043b\u044c\u043d\u0443\u044e \u0440\u0430\u0431\u043e\u0442\u0443 \u0441\u0430\u0439\u0442\u0430, \u0443\u043b\u0443\u0447\u0448\u0438\u0442\u044c \u043f\u043e\u043b\u044c\u0437\u043e\u0432\u0430\u0442\u0435\u043b\u044c\u0441\u043a\u0438\u0439 \u043e\u043f\u044b\u0442 \u0438 \u0430\u043d\u0430\u043b\u0438\u0437\u0438\u0440\u043e\u0432\u0430\u0442\u044c \u0441\u0442\u0430\u0442\u0438\u0441\u0442\u0438\u043a\u0443 \u043f\u043e\u0441\u0435\u0449\u0435\u043d\u0438\u0439 \u0441\u0430\u0439\u0442\u0430.<\/p>\n<p><!-- \/wp:heading --><\/p>\n<p><!-- wp:paragraph --><!-- \/wp:paragraph --><\/p>\n<p><!-- wp:heading --><\/p>\n<h2>2. <strong data-start=\"602\" data-end=\"637\">\u041a\u0430\u043a\u0438\u0435 \u0444\u0430\u0439\u043b\u044b cookie \u043c\u044b \u0438\u0441\u043f\u043e\u043b\u044c\u0437\u0443\u0435\u043c?<\/strong><\/h2>\n<h3><strong data-start=\"643\" data-end=\"675\">2.1. \u041d\u0435\u043e\u0431\u0445\u043e\u0434\u0438\u043c\u044b\u0435 \u0444\u0430\u0439\u043b\u044b \u00ab\u043a\u0443\u043a\u0438\u00bb<\/strong><\/h3>\n<p><!-- \/wp:heading --><\/p>\n<p><!-- wp:paragraph --><\/p>\n<p data-start=\"676\" data-end=\"749\">\u042d\u0442\u0438 \u0444\u0430\u0439\u043b\u044b cookie \u043d\u0435\u043e\u0431\u0445\u043e\u0434\u0438\u043c\u044b \u0434\u043b\u044f \u043a\u043e\u0440\u0440\u0435\u043a\u0442\u043d\u043e\u0439 \u0440\u0430\u0431\u043e\u0442\u044b \u0441\u0430\u0439\u0442\u0430. \u041e\u043d\u0438 \u043e\u0431\u0435\u0441\u043f\u0435\u0447\u0438\u0432\u0430\u044e\u0442:<\/p>\n<ul data-start=\"750\" data-end=\"860\">\n<li data-start=\"750\" data-end=\"776\">\n<p data-start=\"752\" data-end=\"776\">\u0444\u0443\u043d\u043a\u0446\u0438\u043e\u043d\u0430\u043b\u044c\u043d\u043e\u0441\u0442\u044c \u0441\u0430\u0439\u0442\u0430,<\/p>\n<\/li>\n<li data-start=\"777\" data-end=\"789\">\n<p data-start=\"779\" data-end=\"789\">\u0431\u0435\u0437\u043e\u043f\u0430\u0441\u043d\u043e\u0441\u0442\u044c,<\/p>\n<\/li>\n<li data-start=\"790\" data-end=\"824\">\n<p data-start=\"792\" data-end=\"824\">\u0432\u043e\u0437\u043c\u043e\u0436\u043d\u043e\u0441\u0442\u044c \u043e\u0442\u043f\u0440\u0430\u0432\u043a\u0438 \u043a\u043e\u043d\u0442\u0430\u043a\u0442\u043d\u043e\u0439 \u0444\u043e\u0440\u043c\u044b,<\/p>\n<\/li>\n<li data-start=\"825\" data-end=\"860\">\n<p data-start=\"827\" data-end=\"860\">\u0434\u043e\u0441\u0442\u0443\u043f \u043a \u043e\u043f\u0440\u0435\u0434\u0435\u043b\u0451\u043d\u043d\u044b\u043c \u0440\u0430\u0437\u0434\u0435\u043b\u0430\u043c \u0441\u0430\u0439\u0442\u0430.<\/p>\n<\/li>\n<\/ul>\n<p data-start=\"862\" data-end=\"918\">\u0411\u0435\u0437 \u044d\u0442\u0438\u0445 \u0444\u0430\u0439\u043b\u043e\u0432 cookie \u0441\u0430\u0439\u0442 \u043d\u0435 \u0441\u043c\u043e\u0436\u0435\u0442 \u0440\u0430\u0431\u043e\u0442\u0430\u0442\u044c \u0432 \u043f\u043e\u043b\u043d\u043e\u043c \u043e\u0431\u044a\u0451\u043c\u0435.<\/p>\n<h3 data-start=\"920\" data-end=\"968\"><strong data-start=\"924\" data-end=\"968\">2.2. \u0424\u0430\u0439\u043b\u044b \u00ab\u043a\u0443\u043a\u0438\u00bb \u0434\u043b\u044f \u0441\u0442\u0430\u0442\u0438\u0441\u0442\u0438\u043a\u0438 \u0438 \u0430\u043d\u0430\u043b\u0438\u0442\u0438\u043a\u0438<\/strong><\/h3>\n<p data-start=\"969\" data-end=\"1003\">\u042d\u0442\u0438 \u0444\u0430\u0439\u043b\u044b \u00ab\u043a\u0443\u043a\u0438\u00bb \u043f\u043e\u043c\u043e\u0433\u0430\u044e\u0442 \u043d\u0430\u043c \u043f\u043e\u043d\u044f\u0442\u044c:<\/p>\n<ul data-start=\"1004\" data-end=\"1111\">\n<li data-start=\"1004\" data-end=\"1036\">\n<p data-start=\"1006\" data-end=\"1036\">\u043a\u0430\u043a \u043f\u043e\u0441\u0435\u0442\u0438\u0442\u0435\u043b\u0438 \u0438\u0441\u043f\u043e\u043b\u044c\u0437\u0443\u044e\u0442 \u0441\u0430\u0439\u0442,<\/p>\n<\/li>\n<li data-start=\"1037\" data-end=\"1068\">\n<p data-start=\"1039\" data-end=\"1068\">\u043a\u0430\u043a\u0438\u0435 \u0440\u0430\u0437\u0434\u0435\u043b\u044b \u044f\u0432\u043b\u044f\u044e\u0442\u0441\u044f \u043f\u043e\u043f\u0443\u043b\u044f\u0440\u043d\u044b\u043c\u0438,<\/p>\n<\/li>\n<li data-start=\"1069\" data-end=\"1111\">\n<p data-start=\"1071\" data-end=\"1111\">\u043a\u0430\u043a \u0443\u043b\u0443\u0447\u0448\u0438\u0442\u044c \u043a\u043e\u043d\u0442\u0435\u043d\u0442 \u0438 \u043f\u043e\u043b\u044c\u0437\u043e\u0432\u0430\u0442\u0435\u043b\u044c\u0441\u043a\u0438\u0439 \u043e\u043f\u044b\u0442.<\/p>\n<\/li>\n<\/ul>\n<p data-start=\"1113\" data-end=\"1239\">\u042d\u0442\u0438 \u0444\u0430\u0439\u043b\u044b cookie \u0430\u043a\u0442\u0438\u0432\u0438\u0440\u0443\u044e\u0442\u0441\u044f \u0442\u043e\u043b\u044c\u043a\u043e \u0441 \u0432\u0430\u0448\u0435\u0433\u043e \u0441\u043e\u0433\u043b\u0430\u0441\u0438\u044f.<\/p>\n<h3 data-start=\"1241\" data-end=\"1298\"><strong data-start=\"1245\" data-end=\"1276\">2.3. \u0424\u0443\u043d\u043a\u0446\u0438\u043e\u043d\u0430\u043b\u044c\u043d\u044b\u0435 \u0444\u0430\u0439\u043b\u044b \u00ab\u043a\u0443\u043a\u0438\u00bb<\/strong><\/h3>\n<p data-start=\"1299\" data-end=\"1357\">\u041e\u043d\u0438 \u043f\u043e\u0437\u0432\u043e\u043b\u044f\u044e\u0442 \u0437\u0430\u043f\u043e\u043c\u0438\u043d\u0430\u0442\u044c \u0432\u044b\u0431\u0440\u0430\u043d\u043d\u044b\u0435 \u0432\u0430\u043c\u0438 \u043d\u0430\u0441\u0442\u0440\u043e\u0439\u043a\u0438, \u043d\u0430\u043f\u0440\u0438\u043c\u0435\u0440:<\/p>\n<ul data-start=\"1358\" data-end=\"1431\">\n<li data-start=\"1358\" data-end=\"1377\">\n<p data-start=\"1360\" data-end=\"1377\">\u0432\u044b\u0431\u043e\u0440 \u044f\u0437\u044b\u043a\u0430 \u0438 \u043e\u0431\u0435\u0441\u043f\u0435\u0447\u0435\u043d\u0438\u0435 \u043a\u043e\u0440\u0440\u0435\u043a\u0442\u043d\u043e\u0433\u043e \u043e\u0442\u043e\u0431\u0440\u0430\u0436\u0435\u043d\u0438\u044f \u0432\u044b\u0431\u0440\u0430\u043d\u043d\u043e\u0433\u043e \u044f\u0437\u044b\u043a\u0430 \u043d\u0430 \u0441\u0430\u0439\u0442\u0435,<\/p>\n<\/li>\n<li data-start=\"1378\" data-end=\"1431\">\n<p data-start=\"1380\" data-end=\"1431\">\u0432\u0432\u0435\u0434\u0451\u043d\u043d\u044b\u0435 \u0432 \u0444\u043e\u0440\u043c\u0443 \u0434\u0430\u043d\u043d\u044b\u0435 \u0438 \u0434\u0440\u0443\u0433\u0438\u0435 \u0443\u0434\u043e\u0431\u0441\u0442\u0432\u0430 \u0434\u043b\u044f \u043f\u043e\u043b\u044c\u0437\u043e\u0432\u0430\u0442\u0435\u043b\u0435\u0439.<\/p>\n<\/li>\n<\/ul>\n<p data-start=\"1433\" data-end=\"1466\">\u0410\u043a\u0442\u0438\u0432\u0438\u0440\u0443\u044e\u0442\u0441\u044f \u0441 \u0432\u0430\u0448\u0435\u0433\u043e \u0441\u043e\u0433\u043b\u0430\u0441\u0438\u044f.<\/p>\n<p><!-- \/wp:paragraph --><\/p>\n<p><!-- wp:heading --><\/p>\n<h2>3. <strong data-start=\"1726\" data-end=\"1772\">\u041a\u0430\u043a \u043c\u044b \u043f\u043e\u043b\u0443\u0447\u0430\u0435\u043c \u0432\u0430\u0448\u0435 \u0441\u043e\u0433\u043b\u0430\u0441\u0438\u0435 \u043d\u0430 \u0438\u0441\u043f\u043e\u043b\u044c\u0437\u043e\u0432\u0430\u043d\u0438\u0435 \u0444\u0430\u0439\u043b\u043e\u0432 \u00ab\u043a\u0443\u043a\u0438\u00bb?<\/strong><\/h2>\n<p><!-- \/wp:heading --><\/p>\n<p><!-- wp:paragraph --><\/p>\n<p data-start=\"1773\" data-end=\"1866\">\u041f\u0440\u0438 \u043f\u0435\u0440\u0432\u043e\u043c \u043f\u043e\u0441\u0435\u0449\u0435\u043d\u0438\u0438 \u0441\u0430\u0439\u0442\u0430 \u043f\u043e\u044f\u0432\u043b\u044f\u0435\u0442\u0441\u044f \u0443\u0432\u0435\u0434\u043e\u043c\u043b\u0435\u043d\u0438\u0435 \u043e \u0444\u0430\u0439\u043b\u0430\u0445 \u00ab\u043a\u0443\u043a\u0438\u00bb (\u0442\u0430\u043a \u043d\u0430\u0437\u044b\u0432\u0430\u0435\u043c\u044b\u0439 \u00ab\u043a\u0443\u043a\u0438\u00bb \u0431\u0430\u043d\u043d\u0435\u0440), \u0433\u0434\u0435 \u0432\u044b \u043c\u043e\u0436\u0435\u0442\u0435:<\/p>\n<ul data-start=\"1867\" data-end=\"1984\">\n<li data-start=\"1867\" data-end=\"1899\">\n<p data-start=\"1869\" data-end=\"1899\">\u041f\u0440\u0438\u043d\u044f\u0442\u044c \u0432\u0441\u0435 \u0444\u0430\u0439\u043b\u044b \u00ab\u043a\u0443\u043a\u0438\u00bb,<\/p>\n<\/li>\n<li data-start=\"1900\" data-end=\"1938\">\n<p data-start=\"1902\" data-end=\"1938\">\u041e\u0442\u043a\u043b\u043e\u043d\u0438\u0442\u044c \u043d\u0435\u043e\u0431\u044f\u0437\u0430\u0442\u0435\u043b\u044c\u043d\u044b\u0435 \u0444\u0430\u0439\u043b\u044b \u00ab\u043a\u0443\u043a\u0438\u00bb<\/p>\n<\/li>\n<li data-start=\"1939\" data-end=\"1984\">\n<p data-start=\"1941\" data-end=\"1984\">\u0412\u044b\u0431\u0440\u0430\u0442\u044c \u0442\u043e\u043b\u044c\u043a\u043e \u043e\u043f\u0440\u0435\u0434\u0435\u043b\u0451\u043d\u043d\u044b\u0435 \u043a\u0430\u0442\u0435\u0433\u043e\u0440\u0438\u0438<\/p>\n<\/li>\n<\/ul>\n<p data-start=\"1986\" data-end=\"2111\">\u0412\u044b \u0432 \u043b\u044e\u0431\u043e\u0439 \u043c\u043e\u043c\u0435\u043d\u0442 \u043c\u043e\u0436\u0435\u0442\u0435 \u0438\u0437\u043c\u0435\u043d\u0438\u0442\u044c \u0441\u0432\u043e\u0439 \u0432\u044b\u0431\u043e\u0440 \u0432 \u043d\u0430\u0441\u0442\u0440\u043e\u0439\u043a\u0430\u0445 \u0444\u0430\u0439\u043b\u043e\u0432 cookie (\u0435\u0441\u043b\u0438 \u043d\u0430 \u0441\u0430\u0439\u0442\u0435 \u0431\u0443\u0434\u0435\u0442 \u0440\u0430\u0437\u043c\u0435\u0449\u0451\u043d \u043c\u043e\u0434\u0443\u043b\u044c \u043d\u0430\u0441\u0442\u0440\u043e\u0435\u043a \u0444\u0430\u0439\u043b\u043e\u0432 \u00ab\u043a\u0443\u043a\u0438\u00bb).<\/p>\n<p><!-- \/wp:paragraph --><\/p>\n<p><!-- wp:heading --><\/p>\n<h2>4. <strong data-start=\"2124\" data-end=\"2171\">\u041a\u0430\u043a \u043e\u0442\u043a\u043b\u044e\u0447\u0438\u0442\u044c \u0444\u0430\u0439\u043b\u044b \u00ab\u043a\u0443\u043a\u0438\u00bb \u0432 \u0441\u0432\u043e\u0451\u043c \u0431\u0440\u0430\u0443\u0437\u0435\u0440\u0435?<\/strong><\/h2>\n<p><!-- \/wp:heading --><\/p>\n<p><!-- wp:paragraph --><\/p>\n<p data-start=\"2172\" data-end=\"2287\">\u0412\u044b \u043c\u043e\u0436\u0435\u0442\u0435 \u043a\u043e\u043d\u0442\u0440\u043e\u043b\u0438\u0440\u043e\u0432\u0430\u0442\u044c \u0438\u043b\u0438 \u0443\u0434\u0430\u043b\u044f\u0442\u044c \u0444\u0430\u0439\u043b\u044b cookie \u0432 \u0441\u0432\u043e\u0451\u043c \u0431\u0440\u0430\u0443\u0437\u0435\u0440\u0435.<br data-start=\"2233\" data-end=\"2236\" \/>\u041d\u0438\u0436\u0435 \u0443\u043a\u0430\u0437\u0430\u043d\u044b \u043d\u0430\u0438\u0431\u043e\u043b\u0435\u0435 \u0447\u0430\u0441\u0442\u043e \u0438\u0441\u043f\u043e\u043b\u044c\u0437\u0443\u0435\u043c\u044b\u0435 \u0431\u0440\u0430\u0443\u0437\u0435\u0440\u044b:<\/p>\n<ul data-start=\"2289\" data-end=\"2521\">\n<li data-start=\"2289\" data-end=\"2351\">\n<p data-start=\"2291\" data-end=\"2351\">Chrome: \u041d\u0430\u0441\u0442\u0440\u043e\u0439\u043a\u0438 \u2192 \u041a\u043e\u043d\u0444\u0438\u0434\u0435\u043d\u0446\u0438\u0430\u043b\u044c\u043d\u043e\u0441\u0442\u044c \u0438 \u0431\u0435\u0437\u043e\u043f\u0430\u0441\u043d\u043e\u0441\u0442\u044c \u2192 \u0424\u0430\u0439\u043b\u044b \u00ab\u043a\u0443\u043a\u0438\u00bb<\/p>\n<\/li>\n<li data-start=\"2352\" data-end=\"2431\">\n<p data-start=\"2354\" data-end=\"2431\">Firefox: \u041d\u0430\u0441\u0442\u0440\u043e\u0439\u043a\u0438 \u2192 \u041f\u0440\u0438\u0432\u0430\u0442\u043d\u043e\u0441\u0442\u044c \u0438 \u0437\u0430\u0449\u0438\u0442\u0430 \u2192 \u0424\u0430\u0439\u043b\u044b \u00ab\u043a\u0443\u043a\u0438\u00bb \u0438 \u0434\u0430\u043d\u043d\u044b\u0435 \u0441\u0430\u0439\u0442\u043e\u0432<\/p>\n<\/li>\n<li data-start=\"2432\" data-end=\"2469\">\n<p data-start=\"2434\" data-end=\"2469\">Safari: \u041d\u0430\u0441\u0442\u0440\u043e\u0439\u043a\u0438 \u2192 \u041a\u043e\u043d\u0444\u0438\u0434\u0435\u043d\u0446\u0438\u0430\u043b\u044c\u043d\u043e\u0441\u0442\u044c<\/p>\n<\/li>\n<li data-start=\"2470\" data-end=\"2521\">\n<p data-start=\"2472\" data-end=\"2521\">Edge: \u041d\u0430\u0441\u0442\u0440\u043e\u0439\u043a\u0438 \u2192 \u0424\u0430\u0439\u043b\u044b \u00ab\u043a\u0443\u043a\u0438\u00bb \u0438 \u0440\u0430\u0437\u0440\u0435\u0448\u0435\u043d\u0438\u044f \u0441\u0430\u0439\u0442\u043e\u0432<\/p>\n<\/li>\n<\/ul>\n<p data-start=\"2523\" data-end=\"2592\">\u0415\u0441\u043b\u0438 \u043e\u0442\u043a\u043b\u044e\u0447\u0438\u0442\u044c \u0444\u0430\u0439\u043b\u044b \u00ab\u043a\u0443\u043a\u0438\u00bb, \u043d\u0435\u043a\u043e\u0442\u043e\u0440\u044b\u0435 \u0444\u0443\u043d\u043a\u0446\u0438\u0438 \u0441\u0430\u0439\u0442\u0430 \u043c\u043e\u0433\u0443\u0442 \u043d\u0435 \u0440\u0430\u0431\u043e\u0442\u0430\u0442\u044c.<\/p>\n<p><!-- \/wp:paragraph --><\/p>\n<p><!-- wp:heading --><\/p>\n<h2>5. <strong data-start=\"3008\" data-end=\"3058\">\u041a\u0430\u043a \u043c\u044b \u043e\u0431\u0440\u0430\u0431\u0430\u0442\u044b\u0432\u0430\u0435\u043c \u0434\u0430\u043d\u043d\u044b\u0435, \u043f\u043e\u043b\u0443\u0447\u0435\u043d\u043d\u044b\u0435 \u0441 \u043f\u043e\u043c\u043e\u0449\u044c\u044e \u0444\u0430\u0439\u043b\u043e\u0432 \u00ab\u043a\u0443\u043a\u0438\u00bb?<\/strong><\/h2>\n<p><!-- \/wp:heading --><\/p>\n<p><!-- wp:paragraph --><\/p>\n<p data-start=\"3059\" data-end=\"3084\">\u0426\u0435\u043b\u0438 \u043e\u0431\u0440\u0430\u0431\u043e\u0442\u043a\u0438 \u0444\u0430\u0439\u043b\u043e\u0432 \u00ab\u043a\u0443\u043a\u0438\u00bb:<\/p>\n<ul data-start=\"3085\" data-end=\"3221\">\n<li data-start=\"3085\" data-end=\"3123\">\n<p data-start=\"3087\" data-end=\"3123\">\u043e\u0431\u0435\u0441\u043f\u0435\u0447\u0435\u043d\u0438\u0435 \u0440\u0430\u0431\u043e\u0442\u044b \u0441\u0430\u0439\u0442\u0430,<\/p>\n<\/li>\n<li data-start=\"3124\" data-end=\"3162\">\n<p data-start=\"3126\" data-end=\"3162\">\u0443\u043b\u0443\u0447\u0448\u0435\u043d\u0438\u0435 \u043a\u0430\u0447\u0435\u0441\u0442\u0432\u0430 \u0443\u0441\u043b\u0443\u0433,<\/p>\n<\/li>\n<li data-start=\"3163\" data-end=\"3187\">\n<p data-start=\"3165\" data-end=\"3187\">\u0430\u043d\u0430\u043b\u0438\u0437 \u0441\u0442\u0430\u0442\u0438\u0441\u0442\u0438\u043a\u0438,<\/p>\n<\/li>\n<li data-start=\"3188\" data-end=\"3221\">\n<p data-start=\"3190\" data-end=\"3221\">\u043f\u043e\u043d\u0438\u043c\u0430\u043d\u0438\u0435 \u043f\u043e\u0432\u0435\u0434\u0435\u043d\u0438\u044f \u043f\u043e\u0441\u0435\u0442\u0438\u0442\u0435\u043b\u0435\u0439.<\/p>\n<\/li>\n<\/ul>\n<p data-start=\"3223\" data-end=\"3270\">\u0414\u0430\u043d\u043d\u044b\u0435 \u0442\u0430\u043a\u0436\u0435 \u043c\u043e\u0433\u0443\u0442 \u043e\u0431\u0440\u0430\u0431\u0430\u0442\u044b\u0432\u0430\u0442\u044c\u0441\u044f \u0432 \u0430\u043d\u043e\u043d\u0438\u043c\u043d\u043e\u0439 \u0444\u043e\u0440\u043c\u0435.<\/p>\n<p><!-- \/wp:paragraph --><\/p>\n<p><!-- wp:heading --><\/p>\n<h2>6. <strong data-start=\"3283\" data-end=\"3326\">\u041f\u043e\u043b\u0438\u0442\u0438\u043a\u0430 \u0444\u0430\u0439\u043b\u043e\u0432 \u00ab\u043a\u0443\u043a\u0438\u00bb \u0438 \u041f\u043e\u043b\u0438\u0442\u0438\u043a\u0430 \u043a\u043e\u043d\u0444\u0438\u0434\u0435\u043d\u0446\u0438\u0430\u043b\u044c\u043d\u043e\u0441\u0442\u0438<\/strong><\/h2>\n<p><!-- \/wp:heading --><\/p>\n<p><!-- wp:paragraph --><\/p>\n<p>\u041f\u043e\u043b\u0438\u0442\u0438\u043a\u0430 \u0444\u0430\u0439\u043b\u043e\u0432 \u00ab\u043a\u0443\u043a\u0438\u00bb \u044f\u0432\u043b\u044f\u0435\u0442\u0441\u044f \u043d\u0435\u043e\u0442\u044a\u0435\u043c\u043b\u0435\u043c\u043e\u0439 \u0447\u0430\u0441\u0442\u044c\u044e \u041f\u043e\u043b\u0438\u0442\u0438\u043a\u0438 \u043a\u043e\u043d\u0444\u0438\u0434\u0435\u043d\u0446\u0438\u0430\u043b\u044c\u043d\u043e\u0441\u0442\u0438.<br data-start=\"3394\" data-end=\"3397\" \/>\u041e\u0442\u0434\u0435\u043b\u044c\u043d\u0430\u044f \u0441\u0442\u0440\u0430\u043d\u0438\u0446\u0430 \u0434\u043e\u043f\u0443\u0441\u0442\u0438\u043c\u0430, \u044d\u0442\u043e \u0443\u0434\u043e\u0431\u043d\u043e \u0434\u043b\u044f \u043f\u043e\u043b\u044c\u0437\u043e\u0432\u0430\u0442\u0435\u043b\u0435\u0439 \u0438 \u044e\u0440\u0438\u0434\u0438\u0447\u0435\u0441\u043a\u0438 \u043a\u043e\u0440\u0440\u0435\u043a\u0442\u043d\u043e.<br data-start=\"3473\" data-end=\"3476\" \/>\u0412 \u041f\u043e\u043b\u0438\u0442\u0438\u043a\u0435 \u043a\u043e\u043d\u0444\u0438\u0434\u0435\u043d\u0446\u0438\u0430\u043b\u044c\u043d\u043e\u0441\u0442\u0438 \u0431\u0443\u0434\u0435\u0442 \u0443\u043a\u0430\u0437\u0430\u043d\u043e, \u0447\u0442\u043e \u043f\u043e\u0434\u0440\u043e\u0431\u043d\u0430\u044f \u0438\u043d\u0444\u043e\u0440\u043c\u0430\u0446\u0438\u044f \u043e \u0444\u0430\u0439\u043b\u0430\u0445 \u00ab\u043a\u0443\u043a\u0438\u00bb \u0434\u043e\u0441\u0442\u0443\u043f\u043d\u0430 \u043d\u0430 \u043e\u0442\u0434\u0435\u043b\u044c\u043d\u043e\u0439 \u0441\u0442\u0440\u0430\u043d\u0438\u0446\u0435 \u041f\u043e\u043b\u0438\u0442\u0438\u043a\u0438 \u0444\u0430\u0439\u043b\u043e\u0432 \u00ab\u043a\u0443\u043a\u0438\u00bb.<\/p>\n<p><!-- \/wp:paragraph --><\/p>\n<p><!-- wp:heading --><\/p>\n<h2>7. <strong data-start=\"3606\" data-end=\"3628\">\u041a\u043e\u043d\u0442\u0430\u043a\u0442\u043d\u0430\u044f \u0438\u043d\u0444\u043e\u0440\u043c\u0430\u0446\u0438\u044f<\/strong><\/h2>\n<p><!-- \/wp:heading --><\/p>\n<p><!-- wp:paragraph --><\/p>\n<p data-start=\"3629\" data-end=\"3686\">\u041f\u043e \u0432\u043e\u043f\u0440\u043e\u0441\u0430\u043c \u0438\u0441\u043f\u043e\u043b\u044c\u0437\u043e\u0432\u0430\u043d\u0438\u044f \u0444\u0430\u0439\u043b\u043e\u0432 \u00ab\u043a\u0443\u043a\u0438\u00bb, \u043f\u043e\u0436\u0430\u043b\u0443\u0439\u0441\u0442\u0430, \u0441\u0432\u044f\u0436\u0438\u0442\u0435\u0441\u044c \u0441:<\/p>\n<p data-start=\"3688\" data-end=\"3812\">Klusums VS \u041f\u043e\u0445\u043e\u0440\u043e\u043d\u043d\u043e\u0435 \u0431\u044e\u0440\u043e<br data-start=\"3721\" data-end=\"3724\" \/>\u0410\u0434\u0440\u0435\u0441: <a href=\"https:\/\/maps.app.goo.gl\/rRaPosokCXXcdinP9\" target=\"_blank\" rel=\"noopener\">\u0443\u043b. \u0411\u0430\u0443\u0441\u043a\u0430\u0441-149, \u0420\u0438\u0433\u0430, LV-1004<\/a><br data-start=\"3603\" data-end=\"3606\" \/>\u0422\u0435\u043b\u0435\u0444\u043e\u043d: <a class=\"phone\" href=\"tel:37126525796\">+371 26 525 796<\/a><br data-start=\"3634\" data-end=\"3637\" \/>\u042d\u043b\u0435\u043a\u0442\u0440\u043e\u043d\u043d\u0430\u044f \u043f\u043e\u0447\u0442\u0430 <a href=\"mailto:info@klusumsvs.lv\" target=\"_self\" rel=\"noopener noreferrer\">info@klusumsvs.lv<\/a><\/p>\n<p><!-- \/wp:paragraph --><\/p>\n<p><!-- wp:heading --><!-- \/wp:paragraph --><\/p>\t\t\t\t\t\t\t\t<\/div>\n\t\t\t\t<\/div>\n\t\t\t\t\t<\/div>\n\t\t<\/div>\n\t\t\t\t\t<\/div>\n\t\t<\/section>\n\t\t\t\t<\/div>","protected":false},"excerpt":{"rendered":"<p>1. Kas ir s\u012bkdatnes? S\u012bkdatnes (cookies) ir mazi teksta faili, kas tiek saglab\u0101ti J\u016bsu ier\u012bc\u0113 (dator\u0101, telefon\u0101 utt.), apmekl\u0113jot m\u016bsu m\u0101jaslapu.Tie pal\u012bdz nodro\u0161in\u0101t lapas pareizu darb\u012bbu, uzlabot lietot\u0101ja pieredzi un analiz\u0113t m\u0101jaslapas apmekl\u0113jumu statistiku. 2. K\u0101das s\u012bkdatnes m\u0113s izmantojam? 2.1. Nepiecie\u0161am\u0101s s\u012bkdatnes<span class=\"more-dots\">&#8230;<\/span> <span class=\"more-tag\"><a class=\"more-link btn btn-maincolor\" href=\"https:\/\/www.klusums.lv\/ru\/cookies-policy\/\">Read More<span class=\"screen-reader-text\"> \"S\u012bkdat\u0146u politika\"<\/span><\/a><\/span><!-- .more-tag --><\/p>","protected":false},"author":1,"featured_media":6537,"parent":0,"menu_order":0,"comment_status":"closed","ping_status":"closed","template":"","meta":{"footnotes":""},"class_list":["post-5683","page","type-page","status-publish","has-post-thumbnail","hentry"],"_links":{"self":[{"href":"https:\/\/www.klusums.lv\/ru\/wp-json\/wp\/v2\/pages\/5683","targetHints":{"allow":["GET"]}}],"collection":[{"href":"https:\/\/www.klusums.lv\/ru\/wp-json\/wp\/v2\/pages"}],"about":[{"href":"https:\/\/www.klusums.lv\/ru\/wp-json\/wp\/v2\/types\/page"}],"author":[{"embeddable":true,"href":"https:\/\/www.klusums.lv\/ru\/wp-json\/wp\/v2\/users\/1"}],"replies":[{"embeddable":true,"href":"https:\/\/www.klusums.lv\/ru\/wp-json\/wp\/v2\/comments?post=5683"}],"version-history":[{"count":4,"href":"https:\/\/www.klusums.lv\/ru\/wp-json\/wp\/v2\/pages\/5683\/revisions"}],"predecessor-version":[{"id":7250,"href":"https:\/\/www.klusums.lv\/ru\/wp-json\/wp\/v2\/pages\/5683\/revisions\/7250"}],"wp:featuredmedia":[{"embeddable":true,"href":"https:\/\/www.klusums.lv\/ru\/wp-json\/wp\/v2\/media\/6537"}],"wp:attachment":[{"href":"https:\/\/www.klusums.lv\/ru\/wp-json\/wp\/v2\/media?parent=5683"}],"curies":[{"name":"wp","href":"https:\/\/api.w.org\/{rel}","templated":true}]}}