{"id":3,"date":"2023-08-04T10:29:45","date_gmt":"2023-08-04T10:29:45","guid":{"rendered":"https:\/\/klusumsvs.ambex.lv\/?page_id=3"},"modified":"2026-03-20T10:46:22","modified_gmt":"2026-03-20T08:46:22","slug":"privacy-policy","status":"publish","type":"page","link":"https:\/\/www.klusums.lv\/ru\/privacy-policy\/","title":{"rendered":"\u041f\u043e\u043b\u0438\u0442\u0438\u043a\u0430 \u043a\u043e\u043d\u0444\u0438\u0434\u0435\u043d\u0446\u0438\u0430\u043b\u044c\u043d\u043e\u0441\u0442\u0438"},"content":{"rendered":"<div data-elementor-type=\"wp-page\" data-elementor-id=\"3\" class=\"elementor elementor-3\">\n\t\t\t\t\t\t<section class=\"elementor-section elementor-top-section elementor-element elementor-element-222e4e2e elementor-section-boxed elementor-section-height-default elementor-section-height-default\" data-id=\"222e4e2e\" data-element_type=\"section\" data-e-type=\"section\">\n\t\t\t\t\t\t<div class=\"elementor-container elementor-column-gap-default\">\n\t\t\t\t\t<div class=\"elementor-column elementor-col-100 elementor-top-column elementor-element elementor-element-41a8a45d\" data-id=\"41a8a45d\" data-element_type=\"column\" data-e-type=\"column\">\n\t\t\t<div class=\"elementor-widget-wrap elementor-element-populated\">\n\t\t\t\t\t\t<div class=\"elementor-element elementor-element-7da7d89f elementor-widget elementor-widget-text-editor\" data-id=\"7da7d89f\" data-element_type=\"widget\" data-e-type=\"widget\" data-widget_type=\"text-editor.default\">\n\t\t\t\t<div class=\"elementor-widget-container\">\n\t\t\t\t\t\t\t\t\t<h2>1. \u041e\u0431\u0449\u0430\u044f \u0438\u043d\u0444\u043e\u0440\u043c\u0430\u0446\u0438\u044f<\/h2>\n<p><!-- \/wp:heading --><!-- wp:paragraph --><\/p>\n<p>\u042d\u0442\u0430 \u041f\u043e\u043b\u0438\u0442\u0438\u043a\u0430 \u043a\u043e\u043d\u0444\u0438\u0434\u0435\u043d\u0446\u0438\u0430\u043b\u044c\u043d\u043e\u0441\u0442\u0438 \u043e\u043f\u0438\u0441\u044b\u0432\u0430\u0435\u0442, \u043a\u0430\u043a Klusums VS (\u0434\u0430\u043b\u0435\u0435 - <em data-start=\"428\" data-end=\"433\">\u041c\u044b<\/em>) \u0441\u043e\u0431\u0438\u0440\u0430\u0435\u0442, \u0438\u0441\u043f\u043e\u043b\u044c\u0437\u0443\u0435\u0442, \u0445\u0440\u0430\u043d\u0438\u0442 \u0438 \u0437\u0430\u0449\u0438\u0449\u0430\u0435\u0442 \u0432\u0430\u0448\u0438 \u043f\u0435\u0440\u0441\u043e\u043d\u0430\u043b\u044c\u043d\u044b\u0435 \u0434\u0430\u043d\u043d\u044b\u0435, \u043a\u043e\u0433\u0434\u0430 \u0432\u044b \u043f\u043e\u0441\u0435\u0449\u0430\u0435\u0442\u0435 \u043d\u0430\u0448 \u0441\u0430\u0439\u0442 \u0438 \u043f\u043e\u043b\u044c\u0437\u0443\u0435\u0442\u0435\u0441\u044c \u043d\u0430\u0448\u0438\u043c\u0438 \u0443\u0441\u043b\u0443\u0433\u0430\u043c\u0438.<br data-start=\"570\" data-end=\"573\" \/>\u041c\u044b \u043e\u0431\u044f\u0437\u0443\u0435\u043c\u0441\u044f \u0437\u0430\u0449\u0438\u0449\u0430\u0442\u044c \u0432\u0430\u0448\u0443 \u043a\u043e\u043d\u0444\u0438\u0434\u0435\u043d\u0446\u0438\u0430\u043b\u044c\u043d\u043e\u0441\u0442\u044c \u0438 \u0434\u0435\u0439\u0441\u0442\u0432\u043e\u0432\u0430\u0442\u044c \u0432 \u0441\u043e\u043e\u0442\u0432\u0435\u0442\u0441\u0442\u0432\u0438\u0438 \u0441 \u041e\u0431\u0449\u0438\u043c \u0440\u0435\u0433\u043b\u0430\u043c\u0435\u043d\u0442\u043e\u043c \u043f\u043e \u0437\u0430\u0449\u0438\u0442\u0435 \u0434\u0430\u043d\u043d\u044b\u0445 (GDPR) \u0415\u0432\u0440\u043e\u043f\u0435\u0439\u0441\u043a\u043e\u0433\u043e \u0421\u043e\u044e\u0437\u0430 \u0438 \u043d\u043e\u0440\u043c\u0430\u0442\u0438\u0432\u043d\u044b\u043c\u0438 \u0430\u043a\u0442\u0430\u043c\u0438 \u041b\u0430\u0442\u0432\u0438\u0439\u0441\u043a\u043e\u0439 \u0420\u0435\u0441\u043f\u0443\u0431\u043b\u0438\u043a\u0438.<\/p>\n<p><!-- \/wp:paragraph --><!-- wp:heading --><\/p>\n<h2>2. \u041a\u0430\u043a\u0438\u0435 \u043f\u0435\u0440\u0441\u043e\u043d\u0430\u043b\u044c\u043d\u044b\u0435 \u0434\u0430\u043d\u043d\u044b\u0435 \u043e\u0431\u0440\u0430\u0431\u0430\u0442\u044b\u0432\u0430\u044e\u0442\u0441\u044f<\/h2>\n<p><!-- \/wp:heading --><!-- wp:paragraph --><\/p>\n<p data-start=\"792\" data-end=\"833\">\u041c\u044b \u043c\u043e\u0436\u0435\u043c \u043e\u0431\u0440\u0430\u0431\u0430\u0442\u044b\u0432\u0430\u0442\u044c \u0441\u043b\u0435\u0434\u0443\u044e\u0449\u0438\u0435 \u043f\u0435\u0440\u0441\u043e\u043d\u0430\u043b\u044c\u043d\u044b\u0435 \u0434\u0430\u043d\u043d\u044b\u0435:<\/p>\n<h3 data-start=\"835\" data-end=\"888\"><strong data-start=\"839\" data-end=\"888\">2.1. \u0418\u043d\u0444\u043e\u0440\u043c\u0430\u0446\u0438\u044f, \u043a\u043e\u0442\u043e\u0440\u0443\u044e \u0432\u044b \u043f\u0440\u0435\u0434\u043e\u0441\u0442\u0430\u0432\u043b\u044f\u0435\u0442\u0435 \u0434\u043e\u0431\u0440\u043e\u0432\u043e\u043b\u044c\u043d\u043e<\/strong><\/h3>\n<ul data-start=\"889\" data-end=\"1077\">\n<li data-start=\"889\" data-end=\"907\">\n<p data-start=\"891\" data-end=\"907\">\u0418\u043c\u044f, \u0444\u0430\u043c\u0438\u043b\u0438\u044f;<\/p>\n<\/li>\n<li data-start=\"908\" data-end=\"926\">\n<p data-start=\"910\" data-end=\"926\">\u043d\u043e\u043c\u0435\u0440 \u0442\u0435\u043b\u0435\u0444\u043e\u043d\u0430;<\/p>\n<\/li>\n<li data-start=\"927\" data-end=\"945\">\n<p data-start=\"929\" data-end=\"945\">\u0430\u0434\u0440\u0435\u0441 \u044d\u043b\u0435\u043a\u0442\u0440\u043e\u043d\u043d\u043e\u0439 \u043f\u043e\u0447\u0442\u044b;<\/p>\n<\/li>\n<li data-start=\"946\" data-end=\"978\">\n<p data-start=\"948\" data-end=\"978\">\u0441\u043e\u0434\u0435\u0440\u0436\u0430\u043d\u0438\u0435 \u0441\u043e\u043e\u0431\u0449\u0435\u043d\u0438\u044f \u0432 \u043a\u043e\u043d\u0442\u0430\u043a\u0442\u043d\u043e\u0439 \u0444\u043e\u0440\u043c\u0435.<\/p>\n<\/li>\n<\/ul>\n<h3 data-start=\"1079\" data-end=\"1126\"><strong data-start=\"1083\" data-end=\"1126\">2.2. \u0410\u0432\u0442\u043e\u043c\u0430\u0442\u0438\u0447\u0435\u0441\u043a\u0438 \u043f\u043e\u043b\u0443\u0447\u0430\u0435\u043c\u044b\u0435 \u0442\u0435\u0445\u043d\u0438\u0447\u0435\u0441\u043a\u0438\u0435 \u0434\u0430\u043d\u043d\u044b\u0435<\/strong><\/h3>\n<p data-start=\"1127\" data-end=\"1166\">\u041f\u0440\u0438 \u043f\u043e\u0441\u0435\u0449\u0435\u043d\u0438\u0438 \u043d\u0430\u0448\u0435\u0433\u043e \u0441\u0430\u0439\u0442\u0430 \u0441\u043e\u0431\u0438\u0440\u0430\u044e\u0442\u0441\u044f:<\/p>\n<ul data-start=\"1167\" data-end=\"1298\">\n<li data-start=\"1167\" data-end=\"1180\">\n<p data-start=\"1169\" data-end=\"1180\">IP-\u0430\u0434\u0440\u0435\u0441;<\/p>\n<\/li>\n<li data-start=\"1181\" data-end=\"1224\">\n<p data-start=\"1183\" data-end=\"1224\">\u0438\u043d\u0444\u043e\u0440\u043c\u0430\u0446\u0438\u044f \u043e \u0431\u0440\u0430\u0443\u0437\u0435\u0440\u0435 \u0438 \u0443\u0441\u0442\u0440\u043e\u0439\u0441\u0442\u0432\u0435;<\/p>\n<\/li>\n<li data-start=\"1225\" data-end=\"1252\">\n<p data-start=\"1227\" data-end=\"1252\">\u0434\u0430\u043d\u043d\u044b\u0435 \u0444\u0430\u0439\u043b\u043e\u0432 \u00ab\u043a\u0443\u043a\u0438\u00bb;<\/p>\n<\/li>\n<li data-start=\"1253\" data-end=\"1298\">\n<p data-start=\"1255\" data-end=\"1298\">\u0434\u0430\u0442\u0430 \u0438 \u0432\u0440\u0435\u043c\u044f \u043f\u043e\u0441\u0435\u0449\u0435\u043d\u0438\u044f, \u0430 \u0442\u0430\u043a\u0436\u0435 \u043f\u0440\u043e\u0441\u043c\u0430\u0442\u0440\u0438\u0432\u0430\u0435\u043c\u044b\u0435 \u0441\u0442\u0440\u0430\u043d\u0438\u0446\u044b.<\/p>\n<\/li>\n<\/ul>\n<p><!-- \/wp:paragraph --><!-- wp:heading --><\/p>\n<h2>3. <strong data-start=\"1306\" data-end=\"1339\">\u0426\u0435\u043b\u0438 \u043e\u0431\u0440\u0430\u0431\u043e\u0442\u043a\u0438 \u043f\u0435\u0440\u0441\u043e\u043d\u0430\u043b\u044c\u043d\u044b\u0445 \u0434\u0430\u043d\u043d\u044b\u0445<\/strong><\/h2>\n<p><!-- \/wp:heading --><!-- wp:paragraph --><\/p>\n<p data-start=\"1340\" data-end=\"1376\">\u041c\u044b \u043e\u0431\u0440\u0430\u0431\u0430\u0442\u044b\u0432\u0430\u0435\u043c \u043f\u0435\u0440\u0441\u043e\u043d\u0430\u043b\u044c\u043d\u044b\u0435 \u0434\u0430\u043d\u043d\u044b\u0435 \u0434\u043b\u044f \u0442\u043e\u0433\u043e, \u0447\u0442\u043e\u0431\u044b:<\/p>\n<ul data-start=\"1378\" data-end=\"1658\">\n<li data-start=\"1378\" data-end=\"1429\">\n<p data-start=\"1380\" data-end=\"1429\">\u041e\u0431\u0435\u0441\u043f\u0435\u0447\u0438\u0432\u0430\u0442\u044c \u0438 \u043f\u0440\u0435\u0434\u043e\u0441\u0442\u0430\u0432\u043b\u044f\u0442\u044c \u0443\u0441\u043b\u0443\u0433\u0438 \u043f\u043e\u0445\u043e\u0440\u043e\u043d;<\/p>\n<\/li>\n<li data-start=\"1378\" data-end=\"1429\">\u043e\u0431\u0440\u0430\u0431\u0430\u0442\u044b\u0432\u0430\u0442\u044c \u0432\u0430\u0448\u0443 \u043a\u043e\u043d\u0442\u0430\u043a\u0442\u043d\u0443\u044e \u0438\u043d\u0444\u043e\u0440\u043c\u0430\u0446\u0438\u044e \u0434\u043b\u044f \u0441\u0432\u044f\u0437\u0438 \u0441 \u0432\u0430\u043c\u0438 \u043f\u043e \u0432\u043e\u043f\u0440\u043e\u0441\u0430\u043c \u0443\u0441\u043b\u0443\u0433;<\/li>\n<li data-start=\"1500\" data-end=\"1565\">\n<p data-start=\"1502\" data-end=\"1565\">\u043e\u0442\u0432\u0435\u0447\u0430\u0442\u044c \u043d\u0430 \u0432\u0430\u0448\u0438 \u0437\u0430\u043f\u0440\u043e\u0441\u044b, \u0432\u043e\u043f\u0440\u043e\u0441\u044b \u0438 \u0437\u0430\u044f\u0432\u043a\u0438;<\/p>\n<\/li>\n<li data-start=\"1566\" data-end=\"1620\">\n<p data-start=\"1568\" data-end=\"1620\">\u0443\u043b\u0443\u0447\u0448\u0430\u0442\u044c \u0440\u0430\u0431\u043e\u0442\u0443 \u0441\u0430\u0439\u0442\u0430 \u0438 \u043e\u043f\u044b\u0442 \u0435\u0433\u043e \u0438\u0441\u043f\u043e\u043b\u044c\u0437\u043e\u0432\u0430\u043d\u0438\u044f;<\/p>\n<\/li>\n<li data-start=\"1621\" data-end=\"1658\">\n<p data-start=\"1623\" data-end=\"1658\">\u0432\u044b\u043f\u043e\u043b\u043d\u044f\u0442\u044c \u0442\u0440\u0435\u0431\u043e\u0432\u0430\u043d\u0438\u044f, \u0443\u0441\u0442\u0430\u043d\u043e\u0432\u043b\u0435\u043d\u043d\u044b\u0435 \u043d\u043e\u0440\u043c\u0430\u0442\u0438\u0432\u043d\u044b\u043c\u0438 \u0430\u043a\u0442\u0430\u043c\u0438.<\/p>\n<\/li>\n<\/ul>\n<p><!-- \/wp:paragraph --><!-- wp:heading --><\/p>\n<h2>4. <strong data-start=\"1666\" data-end=\"1702\">\u041f\u0440\u0430\u0432\u043e\u0432\u043e\u0435 \u043e\u0441\u043d\u043e\u0432\u0430\u043d\u0438\u0435 \u043e\u0431\u0440\u0430\u0431\u043e\u0442\u043a\u0438 \u0434\u0430\u043d\u043d\u044b\u0445<\/strong><\/h2>\n<p><!-- \/wp:heading --><!-- wp:paragraph --><\/p>\n<p data-start=\"1703\" data-end=\"1750\">\u041f\u0435\u0440\u0441\u043e\u043d\u0430\u043b\u044c\u043d\u044b\u0435 \u0434\u0430\u043d\u043d\u044b\u0435 \u043e\u0431\u0440\u0430\u0431\u0430\u0442\u044b\u0432\u0430\u044e\u0442\u0441\u044f \u043d\u0430 \u043e\u0441\u043d\u043e\u0432\u0430\u043d\u0438\u0438:<\/p>\n<ul data-start=\"1751\" data-end=\"2006\">\n<li data-start=\"1751\" data-end=\"1799\">\n<p data-start=\"1753\" data-end=\"1799\">\u0412\u0430\u0448\u0435\u0433\u043e \u0437\u0430\u043f\u0440\u043e\u0441\u0430 \u0438\u043b\u0438 \u0438\u0441\u043f\u043e\u043b\u043d\u0435\u043d\u0438\u044f \u0434\u043e\u0433\u043e\u0432\u043e\u0440\u0430;<\/p>\n<\/li>\n<li data-start=\"1800\" data-end=\"1854\">\n<p data-start=\"1802\" data-end=\"1854\">\u043d\u0430\u0448\u0438\u043c \u044e\u0440\u0438\u0434\u0438\u0447\u0435\u0441\u043a\u0438\u043c \u043e\u0431\u044f\u0437\u0430\u0442\u0435\u043b\u044c\u0441\u0442\u0432\u0430\u043c (\u0431\u0443\u0445\u0433\u0430\u043b\u0442\u0435\u0440\u0441\u043a\u0438\u0439 \u0443\u0447\u0435\u0442 \u0438 \u0434\u0440.)<\/p>\n<\/li>\n<li data-start=\"1855\" data-end=\"1944\">\n<p data-start=\"1857\" data-end=\"1944\">\u043d\u0430\u0448\u0438\u043c \u0437\u0430\u043a\u043e\u043d\u043d\u044b\u043c \u0438\u043d\u0442\u0435\u0440\u0435\u0441\u0430\u043c \u043e\u0431\u0435\u0441\u043f\u0435\u0447\u0438\u0432\u0430\u0442\u044c \u043a\u0430\u0447\u0435\u0441\u0442\u0432\u043e \u0443\u0441\u043b\u0443\u0433 \u0438 \u0431\u0435\u0437\u043e\u043f\u0430\u0441\u043d\u043e\u0441\u0442\u044c \u0441\u0430\u0439\u0442\u0430<\/p>\n<\/li>\n<li data-start=\"1945\" data-end=\"2006\">\n<p data-start=\"1947\" data-end=\"2006\">\u0412\u0430\u0448\u0435 \u0441\u043e\u0433\u043b\u0430\u0441\u0438\u0435, \u0435\u0441\u043b\u0438 \u0432\u044b \u0435\u0433\u043e \u0434\u0430\u043b\u0438 (\u043d\u0430\u043f\u0440\u0438\u043c\u0435\u0440, \u0444\u0430\u0439\u043b\u044b \u00ab\u043a\u0443\u043a\u0438\u00bb).<\/p>\n<\/li>\n<\/ul>\n<p><!-- \/wp:paragraph --><!-- wp:heading --><\/p>\n<h2>5. <strong data-start=\"2014\" data-end=\"2041\">\u0425\u0440\u0430\u043d\u0435\u043d\u0438\u0435 \u043f\u0435\u0440\u0441\u043e\u043d\u0430\u043b\u044c\u043d\u044b\u0445 \u0434\u0430\u043d\u043d\u044b\u0445<\/strong><\/h2>\n<p><!-- \/wp:heading --><!-- wp:paragraph --><\/p>\n<p data-start=\"2042\" data-end=\"2112\">\u041c\u044b \u0445\u0440\u0430\u043d\u0438\u043c \u0432\u0430\u0448\u0438 \u043f\u0435\u0440\u0441\u043e\u043d\u0430\u043b\u044c\u043d\u044b\u0435 \u0434\u0430\u043d\u043d\u044b\u0435 \u0442\u043e\u043b\u044c\u043a\u043e \u0441\u0442\u043e\u043b\u044c\u043a\u043e, \u0441\u043a\u043e\u043b\u044c\u043a\u043e \u044d\u0442\u043e \u043d\u0435\u043e\u0431\u0445\u043e\u0434\u0438\u043c\u043e:<\/p>\n<ul data-start=\"2113\" data-end=\"2206\">\n<li data-start=\"2113\" data-end=\"2132\">\n<p data-start=\"2115\" data-end=\"2132\">\u0414\u043b\u044f \u0438\u0441\u043f\u043e\u043b\u043d\u0435\u043d\u0438\u044f \u0434\u043e\u0433\u043e\u0432\u043e\u0440\u0430;<\/p>\n<\/li>\n<li data-start=\"2133\" data-end=\"2168\">\n<p data-start=\"2135\" data-end=\"2168\">\u0414\u043b\u044f \u0432\u044b\u043f\u043e\u043b\u043d\u0435\u043d\u0438\u044f \u0442\u0440\u0435\u0431\u043e\u0432\u0430\u043d\u0438\u0439 \u043d\u043e\u0440\u043c\u0430\u0442\u0438\u0432\u043d\u044b\u0445 \u0430\u043a\u0442\u043e\u0432;<\/p>\n<\/li>\n<li data-start=\"2169\" data-end=\"2206\">\n<p data-start=\"2171\" data-end=\"2206\">\u0414\u043b\u044f \u0437\u0430\u0449\u0438\u0442\u044b \u0438\u043d\u0442\u0435\u0440\u0435\u0441\u043e\u0432 \u043d\u0430\u0448\u0435\u0439 \u043a\u043e\u043c\u043f\u0430\u043d\u0438\u0438.<\/p>\n<\/li>\n<\/ul>\n<p data-start=\"2208\" data-end=\"2286\">\u0411\u0443\u0445\u0433\u0430\u043b\u0442\u0435\u0440\u0441\u043a\u0438\u0435 \u0434\u043e\u043a\u0443\u043c\u0435\u043d\u0442\u044b \u0445\u0440\u0430\u043d\u044f\u0442\u0441\u044f \u0432 \u0441\u043e\u043e\u0442\u0432\u0435\u0442\u0441\u0442\u0432\u0438\u0438 \u0441 \u0443\u0441\u0442\u0430\u043d\u043e\u0432\u043b\u0435\u043d\u043d\u044b\u043c\u0438 \u0437\u0430\u043a\u043e\u043d\u043e\u043c \u0441\u0440\u043e\u043a\u0430\u043c\u0438.<\/p>\n<p><!-- \/wp:paragraph --><!-- wp:heading --><\/p>\n<h2>6. <strong data-start=\"2294\" data-end=\"2329\">\u041f\u0435\u0440\u0435\u0434\u0430\u0447\u0430 \u0434\u0430\u043d\u043d\u044b\u0445 \u0442\u0440\u0435\u0442\u044c\u0438\u043c \u043b\u0438\u0446\u0430\u043c<\/strong><\/h2>\n<p><!-- \/wp:heading --><!-- wp:paragraph --><\/p>\n<p data-start=\"2330\" data-end=\"2352\">\u041c\u044b \u043c\u043e\u0436\u0435\u043c \u043f\u0435\u0440\u0435\u0434\u0430\u0432\u0430\u0442\u044c \u0434\u0430\u043d\u043d\u044b\u0435:<\/p>\n<ul data-start=\"2353\" data-end=\"2506\">\n<li data-start=\"2353\" data-end=\"2399\">\n<p data-start=\"2355\" data-end=\"2399\">\u041f\u043e\u0441\u0442\u0430\u0432\u0449\u0438\u043a\u0430\u043c \u043f\u043b\u0430\u0442\u0451\u0436\u043d\u044b\u0445 \u0438 \u0431\u0430\u043d\u043a\u043e\u0432\u0441\u043a\u0438\u0445 \u0443\u0441\u043b\u0443\u0433;<\/p>\n<\/li>\n<li data-start=\"2400\" data-end=\"2447\">\n<p data-start=\"2402\" data-end=\"2447\">\u041f\u043e\u0441\u0442\u0430\u0432\u0449\u0438\u043a\u0430\u043c \u0431\u0443\u0445\u0433\u0430\u043b\u0442\u0435\u0440\u0441\u043a\u0438\u0445 \u0438 \u0418\u0422-\u0443\u0441\u043b\u0443\u0433;<\/p>\n<\/li>\n<li data-start=\"2448\" data-end=\"2506\">\n<p data-start=\"2450\" data-end=\"2506\">\u0413\u043e\u0441\u0443\u0434\u0430\u0440\u0441\u0442\u0432\u0435\u043d\u043d\u044b\u043c \u0443\u0447\u0440\u0435\u0436\u0434\u0435\u043d\u0438\u044f\u043c (\u0442\u043e\u043b\u044c\u043a\u043e \u0432 \u0441\u043b\u0443\u0447\u0430\u044f\u0445, \u043f\u0440\u0435\u0434\u0443\u0441\u043c\u043e\u0442\u0440\u0435\u043d\u043d\u044b\u0445 \u0437\u0430\u043a\u043e\u043d\u043e\u043c).<\/p>\n<\/li>\n<\/ul>\n<p data-start=\"2508\" data-end=\"2576\">\u041c\u044b \u043d\u0438\u043a\u043e\u0433\u0434\u0430 \u043d\u0435 \u043f\u0435\u0440\u0435\u0434\u0430\u0451\u043c \u0432\u0430\u0448\u0438 \u0434\u0430\u043d\u043d\u044b\u0435 \u0442\u0440\u0435\u0442\u044c\u0438\u043c \u043b\u0438\u0446\u0430\u043c \u0432 \u043c\u0430\u0440\u043a\u0435\u0442\u0438\u043d\u0433\u043e\u0432\u044b\u0445 \u0446\u0435\u043b\u044f\u0445.<\/p>\n<p><!-- \/wp:paragraph --><!-- wp:heading --><\/p>\n<h2>7. <strong data-start=\"2584\" data-end=\"2607\">\u0424\u0430\u0439\u043b\u044b \u00ab\u043a\u0443\u043a\u0438\u00bb<\/strong><\/h2>\n<p><!-- \/wp:heading --><!-- wp:paragraph --><\/p>\n<p data-start=\"2608\" data-end=\"2654\">\u041d\u0430 \u043d\u0430\u0448\u0435\u043c \u0441\u0430\u0439\u0442\u0435 \u0438\u0441\u043f\u043e\u043b\u044c\u0437\u0443\u044e\u0442\u0441\u044f \u0444\u0430\u0439\u043b\u044b cookie \u0434\u043b\u044f \u0442\u043e\u0433\u043e, \u0447\u0442\u043e\u0431\u044b:<\/p>\n<ul data-start=\"2655\" data-end=\"2776\">\n<li data-start=\"2655\" data-end=\"2702\">\n<p data-start=\"2657\" data-end=\"2702\">\u041e\u0431\u0435\u0441\u043f\u0435\u0447\u0438\u0442\u044c \u0431\u0430\u0437\u043e\u0432\u0443\u044e \u0444\u0443\u043d\u043a\u0446\u0438\u043e\u043d\u0430\u043b\u044c\u043d\u043e\u0441\u0442\u044c \u0441\u0430\u0439\u0442\u0430;<\/p>\n<\/li>\n<li data-start=\"2703\" data-end=\"2745\">\n<p data-start=\"2705\" data-end=\"2745\">a\u043d\u0430\u043b\u0438\u0437\u0438\u0440\u043e\u0432\u0430\u0442\u044c \u0441\u0442\u0430\u0442\u0438\u0441\u0442\u0438\u043a\u0443 \u043f\u043e\u0441\u0435\u0449\u0430\u0435\u043c\u043e\u0441\u0442\u0438 \u0441\u0430\u0439\u0442\u0430;<\/p>\n<\/li>\n<li data-start=\"2746\" data-end=\"2776\">\n<p data-start=\"2748\" data-end=\"2776\">y\u043b\u0443\u0447\u0448\u0438\u0442\u044c \u043f\u043e\u043b\u044c\u0437\u043e\u0432\u0430\u0442\u0435\u043b\u044c\u0441\u043a\u0438\u0439 \u043e\u043f\u044b\u0442.<\/p>\n<\/li>\n<\/ul>\n<p data-start=\"2778\" data-end=\"2852\">\u0412\u044b \u043c\u043e\u0436\u0435\u0442\u0435 \u0438\u0437\u043c\u0435\u043d\u0438\u0442\u044c \u043d\u0430\u0441\u0442\u0440\u043e\u0439\u043a\u0438 \u0444\u0430\u0439\u043b\u043e\u0432 cookie \u0432 \u0441\u0432\u043e\u0451\u043c \u0431\u0440\u0430\u0443\u0437\u0435\u0440\u0435 \u0432 \u043b\u044e\u0431\u043e\u0435 \u0432\u0440\u0435\u043c\u044f.<\/p>\n<p><!-- \/wp:paragraph --><!-- wp:heading --><\/p>\n<h2>8. <strong data-start=\"2860\" data-end=\"2877\">\u0412\u0430\u0448\u0438 \u043f\u0440\u0430\u0432\u0430<\/strong><\/h2>\n<p><!-- \/wp:heading --><!-- wp:paragraph --><\/p>\n<p data-start=\"2878\" data-end=\"2895\">\u0412\u044b \u0438\u043c\u0435\u0435\u0442\u0435 \u043f\u0440\u0430\u0432\u043e:<\/p>\n<ul data-start=\"2896\" data-end=\"3192\">\n<li data-start=\"2896\" data-end=\"2961\">\n<p data-start=\"2898\" data-end=\"2961\">\u041f\u043e\u043b\u0443\u0447\u0430\u0442\u044c \u0438\u043d\u0444\u043e\u0440\u043c\u0430\u0446\u0438\u044e \u043e \u0442\u043e\u043c, \u043a\u0430\u043a\u0438\u0435 \u0434\u0430\u043d\u043d\u044b\u0435 \u043e \u0432\u0430\u0441 \u043e\u0431\u0440\u0430\u0431\u0430\u0442\u044b\u0432\u0430\u044e\u0442\u0441\u044f;<\/p>\n<\/li>\n<li data-start=\"2962\" data-end=\"3025\">\n<p data-start=\"2964\" data-end=\"3025\">\u0437\u0430\u043f\u0440\u0430\u0448\u0438\u0432\u0430\u0442\u044c \u0438\u0441\u043f\u0440\u0430\u0432\u043b\u0435\u043d\u0438\u0435, \u0443\u0434\u0430\u043b\u0435\u043d\u0438\u0435 \u0438\u043b\u0438 \u043e\u0433\u0440\u0430\u043d\u0438\u0447\u0435\u043d\u0438\u0435 \u043e\u0431\u0440\u0430\u0431\u043e\u0442\u043a\u0438 \u0434\u0430\u043d\u043d\u044b\u0445;<\/p>\n<\/li>\n<li data-start=\"3026\" data-end=\"3063\">\n<p data-start=\"3028\" data-end=\"3063\">\u043e\u0442\u043e\u0437\u0432\u0430\u0442\u044c \u0441\u043e\u0433\u043b\u0430\u0441\u0438\u0435 \u043d\u0430 \u043e\u0431\u0440\u0430\u0431\u043e\u0442\u043a\u0443 \u0434\u0430\u043d\u043d\u044b\u0445;<\/p>\n<\/li>\n<li data-start=\"3064\" data-end=\"3094\">\n<p data-start=\"3066\" data-end=\"3094\">\u0437\u0430\u043f\u0440\u0430\u0448\u0438\u0432\u0430\u0442\u044c \u043f\u0435\u0440\u0435\u043d\u043e\u0441\u0438\u043c\u043e\u0441\u0442\u044c \u0434\u0430\u043d\u043d\u044b\u0445;<\/p>\n<\/li>\n<li data-start=\"3095\" data-end=\"3192\">\n<p data-start=\"3097\" data-end=\"3192\">\u043f\u043e\u0434\u0430\u0442\u044c \u0436\u0430\u043b\u043e\u0431\u0443 \u0432 \u0413\u043e\u0441\u0443\u0434\u0430\u0440\u0441\u0442\u0432\u0435\u043d\u043d\u0443\u044e \u0438\u043d\u0441\u043f\u0435\u043a\u0446\u0438\u044e \u043f\u043e \u0437\u0430\u0449\u0438\u0442\u0435 \u0434\u0430\u043d\u043d\u044b\u0445, \u0435\u0441\u043b\u0438 \u0432\u044b \u0441\u0447\u0438\u0442\u0430\u0435\u0442\u0435, \u0447\u0442\u043e \u0432\u0430\u0448\u0438 \u0434\u0430\u043d\u043d\u044b\u0435 \u043e\u0431\u0440\u0430\u0431\u0430\u0442\u044b\u0432\u0430\u044e\u0442\u0441\u044f \u043d\u0435\u043d\u0430\u0434\u043b\u0435\u0436\u0430\u0449\u0438\u043c \u043e\u0431\u0440\u0430\u0437\u043e\u043c.<\/p>\n<\/li>\n<\/ul>\n<p><!-- \/wp:paragraph --><!-- wp:heading --><\/p>\n<h2>9. <strong data-start=\"3200\" data-end=\"3216\">\u0411\u0435\u0437\u043e\u043f\u0430\u0441\u043d\u043e\u0441\u0442\u044c \u0434\u0430\u043d\u043d\u044b\u0445<\/strong><\/h2>\n<p><!-- \/wp:heading --><!-- wp:paragraph --><\/p>\n<p data-start=\"3217\" data-end=\"3333\">\u041c\u044b \u0438\u0441\u043f\u043e\u043b\u044c\u0437\u0443\u0435\u043c \u0441\u043e\u043e\u0442\u0432\u0435\u0442\u0441\u0442\u0432\u0443\u044e\u0449\u0438\u0435 \u0442\u0435\u0445\u043d\u0438\u0447\u0435\u0441\u043a\u0438\u0435 \u0438 \u043e\u0440\u0433\u0430\u043d\u0438\u0437\u0430\u0446\u0438\u043e\u043d\u043d\u044b\u0435 \u043c\u0435\u0440\u044b \u0431\u0435\u0437\u043e\u043f\u0430\u0441\u043d\u043e\u0441\u0442\u0438 \u0434\u043b\u044f \u0437\u0430\u0449\u0438\u0442\u044b \u0432\u0430\u0448\u0438\u0445 \u043f\u0435\u0440\u0441\u043e\u043d\u0430\u043b\u044c\u043d\u044b\u0445 \u0434\u0430\u043d\u043d\u044b\u0445 \u043e\u0442:<\/p>\n<ul data-start=\"3334\" data-end=\"3420\">\n<li data-start=\"3334\" data-end=\"3360\">\n<p data-start=\"3336\" data-end=\"3360\">\u041d\u0435\u0441\u0430\u043d\u043a\u0446\u0438\u043e\u043d\u0438\u0440\u043e\u0432\u0430\u043d\u043d\u043e\u0433\u043e \u0434\u043e\u0441\u0442\u0443\u043f\u0430;<\/p>\n<\/li>\n<li data-start=\"3361\" data-end=\"3386\">\n<p data-start=\"3363\" data-end=\"3386\">\u043d\u0435\u043f\u0440\u0430\u0432\u0438\u043b\u044c\u043d\u043e\u0433\u043e \u0438\u0441\u043f\u043e\u043b\u044c\u0437\u043e\u0432\u0430\u043d\u0438\u044f;<\/p>\n<\/li>\n<li data-start=\"3387\" data-end=\"3420\">\n<p data-start=\"3389\" data-end=\"3420\">\u0443\u0434\u0430\u043b\u0435\u043d\u0438\u044f, \u0440\u0430\u0441\u043a\u0440\u044b\u0442\u0438\u044f \u0438\u043b\u0438 \u0438\u0437\u043c\u0435\u043d\u0435\u043d\u0438\u0439.<\/p>\n<\/li>\n<\/ul>\n<h2>10. <strong data-start=\"3429\" data-end=\"3451\">\u0421\u0432\u044f\u0436\u0438\u0442\u0435\u0441\u044c \u0441 \u043d\u0430\u043c\u0438<\/strong><\/h2>\n<p data-start=\"3452\" data-end=\"3539\">\u0415\u0441\u043b\u0438 \u0443 \u0432\u0430\u0441 \u0435\u0441\u0442\u044c \u0432\u043e\u043f\u0440\u043e\u0441\u044b \u043e \u041f\u043e\u043b\u0438\u0442\u0438\u043a\u0435 \u043a\u043e\u043d\u0444\u0438\u0434\u0435\u043d\u0446\u0438\u0430\u043b\u044c\u043d\u043e\u0441\u0442\u0438 \u0438\u043b\u0438 \u043e\u0431\u0440\u0430\u0431\u043e\u0442\u043a\u0435 \u0432\u0430\u0448\u0438\u0445 \u0434\u0430\u043d\u043d\u044b\u0445, \u043f\u043e\u0436\u0430\u043b\u0443\u0439\u0441\u0442\u0430, \u0441\u0432\u044f\u0436\u0438\u0442\u0435\u0441\u044c:<br \/><br \/><span data-start=\"3541\" data-end=\"3574\">Klusums VS \u041f\u043e\u0445\u043e\u0440\u043e\u043d\u043d\u043e\u0435 \u0431\u044e\u0440\u043e:<br \/><\/span>\u0410\u0434\u0440\u0435\u0441: <a href=\"https:\/\/maps.app.goo.gl\/rRaPosokCXXcdinP9\" target=\"_blank\" rel=\"noopener\">\u0443\u043b. \u0411\u0430\u0443\u0441\u043a\u0430\u0441-149, \u0420\u0438\u0433\u0430, LV-1004<\/a><br data-start=\"3603\" data-end=\"3606\" \/>\u0422\u0435\u043b\u0435\u0444\u043e\u043d: <a class=\"phone\" href=\"tel:37126525796\">+371 26 525 796<\/a><br data-start=\"3634\" data-end=\"3637\" \/>\u042d\u043b\u0435\u043a\u0442\u0440\u043e\u043d\u043d\u0430\u044f \u043f\u043e\u0447\u0442\u0430 <a href=\"mailto:info@klusumsvs.lv\" target=\"_self\" rel=\"noopener noreferrer\">info@klusumsvs.lv<\/a><\/p>\n<p><!-- \/wp:paragraph --><\/p>\t\t\t\t\t\t\t\t<\/div>\n\t\t\t\t<\/div>\n\t\t\t\t\t<\/div>\n\t\t<\/div>\n\t\t\t\t\t<\/div>\n\t\t<\/section>\n\t\t\t\t<\/div>","protected":false},"excerpt":{"rendered":"<p>1. Visp\u0101r\u012bg\u0101 inform\u0101cija \u0160\u012b Priv\u0101tuma politika apraksta, k\u0101 Klusums VS (turpm\u0101k \u2013 M\u0113s) apkopo, izmanto, glab\u0101 un aizsarg\u0101 J\u016bsu personas datus, kad apmekl\u0113jat m\u016bsu m\u0101jaslapu un izmantojat m\u016bsu pakalpojumus.M\u0113s ap\u0146emamies aizsarg\u0101t J\u016bsu priv\u0101tumu un r\u012bkoties atbilsto\u0161i Eiropas Savien\u012bbas Visp\u0101r\u012bgajai datu aizsardz\u012bbas regulai<span class=\"more-dots\">&#8230;<\/span> <span class=\"more-tag\"><a class=\"more-link btn btn-maincolor\" href=\"https:\/\/www.klusums.lv\/ru\/privacy-policy\/\">Read More<span class=\"screen-reader-text\"> \"Priv\u0101tuma politika\"<\/span><\/a><\/span><!-- .more-tag --><\/p>","protected":false},"author":1,"featured_media":6537,"parent":0,"menu_order":0,"comment_status":"closed","ping_status":"closed","template":"","meta":{"footnotes":""},"class_list":["post-3","page","type-page","status-publish","has-post-thumbnail","hentry"],"_links":{"self":[{"href":"https:\/\/www.klusums.lv\/ru\/wp-json\/wp\/v2\/pages\/3","targetHints":{"allow":["GET"]}}],"collection":[{"href":"https:\/\/www.klusums.lv\/ru\/wp-json\/wp\/v2\/pages"}],"about":[{"href":"https:\/\/www.klusums.lv\/ru\/wp-json\/wp\/v2\/types\/page"}],"author":[{"embeddable":true,"href":"https:\/\/www.klusums.lv\/ru\/wp-json\/wp\/v2\/users\/1"}],"replies":[{"embeddable":true,"href":"https:\/\/www.klusums.lv\/ru\/wp-json\/wp\/v2\/comments?post=3"}],"version-history":[{"count":4,"href":"https:\/\/www.klusums.lv\/ru\/wp-json\/wp\/v2\/pages\/3\/revisions"}],"predecessor-version":[{"id":7247,"href":"https:\/\/www.klusums.lv\/ru\/wp-json\/wp\/v2\/pages\/3\/revisions\/7247"}],"wp:featuredmedia":[{"embeddable":true,"href":"https:\/\/www.klusums.lv\/ru\/wp-json\/wp\/v2\/media\/6537"}],"wp:attachment":[{"href":"https:\/\/www.klusums.lv\/ru\/wp-json\/wp\/v2\/media?parent=3"}],"curies":[{"name":"wp","href":"https:\/\/api.w.org\/{rel}","templated":true}]}}