{"id":2890,"date":"2025-11-04T14:41:15","date_gmt":"2025-11-04T12:41:15","guid":{"rendered":"https:\/\/klusumsvs.ambex.lv\/?page_id=2890"},"modified":"2026-03-18T14:34:44","modified_gmt":"2026-03-18T12:34:44","slug":"seras","status":"publish","type":"page","link":"https:\/\/www.klusums.lv\/ru\/seras\/","title":{"rendered":"\u0423\u0441\u043b\u0443\u0433\u0438 \u043f\u043e\u0445\u043e\u0440\u043e\u043d\u043d\u043e\u0439 \u0444\u043b\u043e\u0440\u0438\u0441\u0442\u0438\u043a\u0438"},"content":{"rendered":"<div data-elementor-type=\"wp-page\" data-elementor-id=\"2890\" class=\"elementor elementor-2890\">\n\t\t\t\t\t\t<section class=\"elementor-section elementor-top-section elementor-element elementor-element-5b56f85 elementor-reverse-tablet elementor-reverse-mobile elementor-section-boxed elementor-section-height-default elementor-section-height-default\" data-id=\"5b56f85\" data-element_type=\"section\" data-e-type=\"section\">\n\t\t\t\t\t\t<div class=\"elementor-container elementor-column-gap-default\">\n\t\t\t\t\t<div class=\"elementor-column elementor-col-33 elementor-top-column elementor-element elementor-element-707aa17\" data-id=\"707aa17\" data-element_type=\"column\" data-e-type=\"column\">\n\t\t\t<div class=\"elementor-widget-wrap elementor-element-populated\">\n\t\t\t\t\t\t<div class=\"elementor-element elementor-element-54344a8 icon-after elementor-icon-list--layout-traditional elementor-list-item-link-full_width elementor-widget elementor-widget-icon-list\" data-id=\"54344a8\" data-element_type=\"widget\" data-e-type=\"widget\" data-widget_type=\"icon-list.default\">\n\t\t\t\t<div class=\"elementor-widget-container\">\n\t\t\t\t\t\t\t<ul class=\"elementor-icon-list-items\">\n\t\t\t\t\t\t\t<li class=\"elementor-icon-list-item\">\n\t\t\t\t\t\t\t\t\t\t\t<span class=\"elementor-icon-list-icon\">\n\t\t\t\t\t\t\t<svg xmlns=\"http:\/\/www.w3.org\/2000\/svg\" viewbox=\"0 0 32 32\"><title>45-Check<\/title><g id=\"_45-Check\" data-name=\"45-Check\"><path d=\"M30,15V25a5,5,0,0,1-5,5H7a5,5,0,0,1-5-5V7A5,5,0,0,1,7,2H17V0H7A7,7,0,0,0,0,7V25a7,7,0,0,0,7,7H25a7,7,0,0,0,7-7V15Z\"><\/path><path d=\"M7.71,13.29,6.29,14.71l7,7a1,1,0,0,0,1.41,0l16-16L29.29,4.29,14,19.59Z\"><\/path><\/g><\/svg>\t\t\t\t\t\t<\/span>\n\t\t\t\t\t\t\t\t\t\t<span class=\"elementor-icon-list-text\">\u0418\u043d\u0434\u0438\u0432\u0438\u0434\u0443\u0430\u043b\u044c\u043d\u044b\u0435 \u0446\u0432\u0435\u0442\u043e\u0447\u043d\u044b\u0435 \u043a\u043e\u043c\u043f\u043e\u0437\u0438\u0446\u0438\u0438<\/span>\n\t\t\t\t\t\t\t\t\t<\/li>\n\t\t\t\t\t\t\t\t<li class=\"elementor-icon-list-item\">\n\t\t\t\t\t\t\t\t\t\t\t<span class=\"elementor-icon-list-icon\">\n\t\t\t\t\t\t\t<svg xmlns=\"http:\/\/www.w3.org\/2000\/svg\" viewbox=\"0 0 32 32\"><title>45-Check<\/title><g id=\"_45-Check\" data-name=\"45-Check\"><path d=\"M30,15V25a5,5,0,0,1-5,5H7a5,5,0,0,1-5-5V7A5,5,0,0,1,7,2H17V0H7A7,7,0,0,0,0,7V25a7,7,0,0,0,7,7H25a7,7,0,0,0,7-7V15Z\"><\/path><path d=\"M7.71,13.29,6.29,14.71l7,7a1,1,0,0,0,1.41,0l16-16L29.29,4.29,14,19.59Z\"><\/path><\/g><\/svg>\t\t\t\t\t\t<\/span>\n\t\t\t\t\t\t\t\t\t\t<span class=\"elementor-icon-list-text\">\u0421\u0432\u0435\u0436\u0438\u0435 \u0446\u0432\u0435\u0442\u044b \u043d\u0430 \u043a\u0440\u044b\u0448\u043a\u0435 \u0433\u0440\u043e\u0431\u0430<\/span>\n\t\t\t\t\t\t\t\t\t<\/li>\n\t\t\t\t\t\t\t\t<li class=\"elementor-icon-list-item\">\n\t\t\t\t\t\t\t\t\t\t\t<span class=\"elementor-icon-list-icon\">\n\t\t\t\t\t\t\t<svg xmlns=\"http:\/\/www.w3.org\/2000\/svg\" viewbox=\"0 0 32 32\"><title>45-Check<\/title><g id=\"_45-Check\" data-name=\"45-Check\"><path d=\"M30,15V25a5,5,0,0,1-5,5H7a5,5,0,0,1-5-5V7A5,5,0,0,1,7,2H17V0H7A7,7,0,0,0,0,7V25a7,7,0,0,0,7,7H25a7,7,0,0,0,7-7V15Z\"><\/path><path d=\"M7.71,13.29,6.29,14.71l7,7a1,1,0,0,0,1.41,0l16-16L29.29,4.29,14,19.59Z\"><\/path><\/g><\/svg>\t\t\t\t\t\t<\/span>\n\t\t\t\t\t\t\t\t\t\t<span class=\"elementor-icon-list-text\">\u041f\u0435\u0440\u0441\u043e\u043d\u0430\u043b\u0438\u0437\u0438\u0440\u043e\u0432\u0430\u043d\u043d\u044b\u0435 \u043b\u0435\u043d\u0442\u044b<\/span>\n\t\t\t\t\t\t\t\t\t<\/li>\n\t\t\t\t\t\t\t\t<li class=\"elementor-icon-list-item\">\n\t\t\t\t\t\t\t\t\t\t\t<span class=\"elementor-icon-list-icon\">\n\t\t\t\t\t\t\t<svg xmlns=\"http:\/\/www.w3.org\/2000\/svg\" viewbox=\"0 0 32 32\"><title>45-Check<\/title><g id=\"_45-Check\" data-name=\"45-Check\"><path d=\"M30,15V25a5,5,0,0,1-5,5H7a5,5,0,0,1-5-5V7A5,5,0,0,1,7,2H17V0H7A7,7,0,0,0,0,7V25a7,7,0,0,0,7,7H25a7,7,0,0,0,7-7V15Z\"><\/path><path d=\"M7.71,13.29,6.29,14.71l7,7a1,1,0,0,0,1.41,0l16-16L29.29,4.29,14,19.59Z\"><\/path><\/g><\/svg>\t\t\t\t\t\t<\/span>\n\t\t\t\t\t\t\t\t\t\t<span class=\"elementor-icon-list-text\">\u0414\u043e\u0441\u0442\u0430\u0432\u043a\u0430 \u0446\u0432\u0435\u0442\u043e\u0432<\/span>\n\t\t\t\t\t\t\t\t\t<\/li>\n\t\t\t\t\t\t<\/ul>\n\t\t\t\t\t\t<\/div>\n\t\t\t\t<\/div>\n\t\t\t\t\t<\/div>\n\t\t<\/div>\n\t\t\t\t<div class=\"elementor-column elementor-col-66 elementor-top-column elementor-element elementor-element-2cc42de\" data-id=\"2cc42de\" data-element_type=\"column\" data-e-type=\"column\">\n\t\t\t<div class=\"elementor-widget-wrap elementor-element-populated\">\n\t\t\t\t\t\t<div class=\"elementor-element elementor-element-60bef6d elementor-widget elementor-widget-image\" data-id=\"60bef6d\" data-element_type=\"widget\" data-e-type=\"widget\" data-widget_type=\"image.default\">\n\t\t\t\t<div class=\"elementor-widget-container\">\n\t\t\t\t\t\t\t\t\t\t\t\t\t\t\t<img fetchpriority=\"high\" decoding=\"async\" width=\"1024\" height=\"683\" src=\"https:\/\/www.klusums.lv\/wp-content\/uploads\/2025\/12\/image-4-1024x683.jpg\" class=\"attachment-large size-large wp-image-5894\" alt=\"Cie\u0146pilni apbed\u012b\u0161anas pakalpojumi un krem\u0101cijas organiz\u0113\u0161ana Klusums VS.\" srcset=\"https:\/\/www.klusums.lv\/wp-content\/uploads\/2025\/12\/image-4-1024x683.jpg 1024w, https:\/\/www.klusums.lv\/wp-content\/uploads\/2025\/12\/image-4-300x200.jpg 300w, https:\/\/www.klusums.lv\/wp-content\/uploads\/2025\/12\/image-4-768x512.jpg 768w, https:\/\/www.klusums.lv\/wp-content\/uploads\/2025\/12\/image-4-1536x1024.jpg 1536w, https:\/\/www.klusums.lv\/wp-content\/uploads\/2025\/12\/image-4-18x12.jpg 18w, https:\/\/www.klusums.lv\/wp-content\/uploads\/2025\/12\/image-4-1170x780.jpg 1170w, https:\/\/www.klusums.lv\/wp-content\/uploads\/2025\/12\/image-4-400x267.jpg 400w, https:\/\/www.klusums.lv\/wp-content\/uploads\/2025\/12\/image-4.jpg 1920w\" sizes=\"(max-width: 1024px) 100vw, 1024px\" \/>\t\t\t\t\t\t\t\t\t\t\t\t\t\t\t<\/div>\n\t\t\t\t<\/div>\n\t\t\t\t<section class=\"elementor-section elementor-inner-section elementor-element elementor-element-53a0790 elementor-section-boxed elementor-section-height-default elementor-section-height-default\" data-id=\"53a0790\" data-element_type=\"section\" data-e-type=\"section\">\n\t\t\t\t\t\t<div class=\"elementor-container elementor-column-gap-default\">\n\t\t\t\t\t<div class=\"elementor-column elementor-col-100 elementor-inner-column elementor-element elementor-element-bafe680\" data-id=\"bafe680\" data-element_type=\"column\" data-e-type=\"column\" data-settings=\"{&quot;background_background&quot;:&quot;classic&quot;}\">\n\t\t\t<div class=\"elementor-widget-wrap elementor-element-populated\">\n\t\t\t\t\t\t<div class=\"elementor-element elementor-element-7616281 elementor-widget elementor-widget-heading\" data-id=\"7616281\" data-element_type=\"widget\" data-e-type=\"widget\" data-widget_type=\"heading.default\">\n\t\t\t\t<div class=\"elementor-widget-container\">\n\t\t\t\t\t<h2 class=\"elementor-heading-title elementor-size-default\">\u0423\u0441\u043b\u0443\u0433\u0438 \u043f\u043e\u0445\u043e\u0440\u043e\u043d\u043d\u043e\u0439 \u0444\u043b\u043e\u0440\u0438\u0441\u0442\u0438\u043a\u0438\n<\/h2>\t\t\t\t<\/div>\n\t\t\t\t<\/div>\n\t\t\t\t<div class=\"elementor-element elementor-element-85b5198 elementor-widget elementor-widget-text-editor\" data-id=\"85b5198\" data-element_type=\"widget\" data-e-type=\"widget\" data-widget_type=\"text-editor.default\">\n\t\t\t\t<div class=\"elementor-widget-container\">\n\t\t\t\t\t\t\t\t\t<p>\u0426\u0432\u0435\u0442\u044b \u043d\u0430 \u0446\u0435\u0440\u0435\u043c\u043e\u043d\u0438\u0438 \u043f\u0440\u043e\u0449\u0430\u043d\u0438\u044f \u0432\u044b\u0440\u0430\u0436\u0430\u044e\u0442 \u0443\u0432\u0430\u0436\u0435\u043d\u0438\u0435, \u043b\u044e\u0431\u043e\u0432\u044c \u0438 \u043f\u0430\u043c\u044f\u0442\u044c, \u043a\u043e\u0442\u043e\u0440\u044b\u0435 \u043f\u043e\u0440\u043e\u0439 \u043d\u0435\u0432\u043e\u0437\u043c\u043e\u0436\u043d\u043e \u0432\u044b\u0440\u0430\u0437\u0438\u0442\u044c \u0441\u043b\u043e\u0432\u0430\u043c\u0438. Klusums VS \u043f\u0440\u0435\u0434\u043b\u0430\u0433\u0430\u0435\u0442 \u0443\u0441\u043b\u0443\u0433\u0438 \u0442\u0440\u0430\u0443\u0440\u043d\u043e\u0439 \u0444\u043b\u043e\u0440\u0438\u0441\u0442\u0438\u043a\u0438, \u0447\u0442\u043e\u0431\u044b \u0441\u043e\u0437\u0434\u0430\u0442\u044c \u044d\u043b\u0435\u0433\u0430\u043d\u0442\u043d\u0443\u044e, \u0433\u0430\u0440\u043c\u043e\u043d\u0438\u0447\u043d\u0443\u044e \u0438 \u0434\u0443\u0448\u0435\u0432\u043d\u0443\u044e \u0430\u0442\u043c\u043e\u0441\u0444\u0435\u0440\u0443 \u0432 \u043c\u043e\u043c\u0435\u043d\u0442 \u043f\u0440\u043e\u0449\u0430\u043d\u0438\u044f \u0441 \u043b\u044e\u0431\u0438\u043c\u044b\u043c \u0447\u0435\u043b\u043e\u0432\u0435\u043a\u043e\u043c.<\/p><p>\u041c\u044b \u0441\u043e\u0437\u0434\u0430\u0451\u043c \u043a\u0440\u0430\u0441\u0438\u0432\u044b\u0435 \u0438 \u043f\u0435\u0440\u0441\u043e\u043d\u0430\u043b\u0438\u0437\u0438\u0440\u043e\u0432\u0430\u043d\u043d\u044b\u0435 \u0446\u0432\u0435\u0442\u043e\u0447\u043d\u044b\u0435 \u043a\u043e\u043c\u043f\u043e\u0437\u0438\u0446\u0438\u0438, \u0441\u043e\u043e\u0442\u0432\u0435\u0442\u0441\u0442\u0432\u0443\u044e\u0449\u0438\u0435 \u0445\u0430\u0440\u0430\u043a\u0442\u0435\u0440\u0443 \u0446\u0435\u0440\u0435\u043c\u043e\u043d\u0438\u0438 \u0438 \u043f\u043e\u0436\u0435\u043b\u0430\u043d\u0438\u044f\u043c \u0431\u043b\u0438\u0437\u043a\u0438\u0445:<\/p>\t\t\t\t\t\t\t\t<\/div>\n\t\t\t\t<\/div>\n\t\t\t\t<div class=\"elementor-element elementor-element-6c20744 elementor-list-item-link-inline elementor-icon-list--layout-traditional elementor-widget elementor-widget-icon-list\" data-id=\"6c20744\" data-element_type=\"widget\" data-e-type=\"widget\" data-widget_type=\"icon-list.default\">\n\t\t\t\t<div class=\"elementor-widget-container\">\n\t\t\t\t\t\t\t<ul class=\"elementor-icon-list-items\">\n\t\t\t\t\t\t\t<li class=\"elementor-icon-list-item\">\n\t\t\t\t\t\t\t\t\t\t\t<span class=\"elementor-icon-list-icon\">\n\t\t\t\t\t\t\t<i aria-hidden=\"true\" class=\"fas fa-chevron-right\"><\/i>\t\t\t\t\t\t<\/span>\n\t\t\t\t\t\t\t\t\t\t<span class=\"elementor-icon-list-text\">\u0438\u043d\u0434\u0438\u0432\u0438\u0434\u0443\u0430\u043b\u044c\u043d\u044b\u0435 \u0446\u0432\u0435\u0442\u043e\u0447\u043d\u044b\u0435 \u043a\u043e\u043c\u043f\u043e\u0437\u0438\u0446\u0438\u0438: \u0432\u0435\u043d\u043a\u0438, \u0431\u0443\u043a\u0435\u0442\u044b, \u043a\u043e\u043c\u043f\u043e\u0437\u0438\u0446\u0438\u0438 \u043d\u0430 \u043a\u0440\u044b\u0448\u043a\u0443 \u0433\u0440\u043e\u0431\u0430 \u0438\u0437 \u0436\u0438\u0432\u044b\u0445 \u0446\u0432\u0435\u0442\u043e\u0432;<\/span>\n\t\t\t\t\t\t\t\t\t<\/li>\n\t\t\t\t\t\t\t\t<li class=\"elementor-icon-list-item\">\n\t\t\t\t\t\t\t\t\t\t\t<span class=\"elementor-icon-list-icon\">\n\t\t\t\t\t\t\t<i aria-hidden=\"true\" class=\"fas fa-chevron-right\"><\/i>\t\t\t\t\t\t<\/span>\n\t\t\t\t\t\t\t\t\t\t<span class=\"elementor-icon-list-text\">\u043f\u0435\u0440\u0441\u043e\u043d\u0430\u043b\u044c\u043d\u044b\u0435 \u043b\u0435\u043d\u0442\u044b: \u0441 \u043f\u0430\u043c\u044f\u0442\u043d\u044b\u043c\u0438 \u0444\u0440\u0430\u0437\u0430\u043c\u0438;<\/span>\n\t\t\t\t\t\t\t\t\t<\/li>\n\t\t\t\t\t\t\t\t<li class=\"elementor-icon-list-item\">\n\t\t\t\t\t\t\t\t\t\t\t<a href=\"https:\/\/www.vainaguservice.lv\/klusums_iepirkums\/\" target=\"_blank\" rel=\"noopener\">\n\n\t\t\t\t\t\t\t\t\t\t\t\t<span class=\"elementor-icon-list-icon\">\n\t\t\t\t\t\t\t<i aria-hidden=\"true\" class=\"fas fa-chevron-right\"><\/i>\t\t\t\t\t\t<\/span>\n\t\t\t\t\t\t\t\t\t\t<span class=\"elementor-icon-list-text\">\u0434\u043e\u0441\u0442\u0430\u0432\u043a\u0430 \u0446\u0432\u0435\u0442\u043e\u0432: \u043d\u0430 \u043c\u0435\u0441\u0442\u043e \u043f\u0440\u043e\u0432\u0435\u0434\u0435\u043d\u0438\u044f \u0446\u0435\u0440\u0435\u043c\u043e\u043d\u0438\u0438 (<a href=\"https:\/\/www.vainaguservice.lv\/klusums_iepirkums\/\" target=\"_blank\" rel=\"noopener\">\u043f\u043e\u0434\u0440\u043e\u0431\u043d\u0435\u0435<\/a>).<\/span>\n\t\t\t\t\t\t\t\t\t\t\t<\/a>\n\t\t\t\t\t\t\t\t\t<\/li>\n\t\t\t\t\t\t<\/ul>\n\t\t\t\t\t\t<\/div>\n\t\t\t\t<\/div>\n\t\t\t\t<div class=\"elementor-element elementor-element-301e145 elementor-widget elementor-widget-text-editor\" data-id=\"301e145\" data-element_type=\"widget\" data-e-type=\"widget\" data-widget_type=\"text-editor.default\">\n\t\t\t\t<div class=\"elementor-widget-container\">\n\t\t\t\t\t\t\t\t\t<p>\u041d\u0430\u0448\u0438 \u0444\u043b\u043e\u0440\u0438\u0441\u0442\u044b \u0440\u0430\u0431\u043e\u0442\u0430\u044e\u0442 \u0441 \u0438\u0441\u043a\u0440\u0435\u043d\u043d\u043e\u0441\u0442\u044c\u044e \u0438 \u043f\u0440\u043e\u0444\u0435\u0441\u0441\u0438\u043e\u043d\u0430\u043b\u0438\u0437\u043c\u043e\u043c, \u043e\u0431\u0435\u0441\u043f\u0435\u0447\u0438\u0432\u0430\u044f, \u0447\u0442\u043e\u0431\u044b \u0446\u0432\u0435\u0442\u044b \u0434\u043e\u043f\u043e\u043b\u043d\u044f\u043b\u0438 \u0441\u043f\u043e\u043a\u043e\u0439\u0441\u0442\u0432\u0438\u0435 \u0438 \u0434\u043e\u0441\u0442\u043e\u0438\u043d\u0441\u0442\u0432\u043e \u0446\u0435\u0440\u0435\u043c\u043e\u043d\u0438\u0438, \u0441\u043e\u0437\u0434\u0430\u0432\u0430\u044f \u0442\u0451\u043f\u043b\u0443\u044e \u0438 \u043d\u0430\u043f\u043e\u043b\u043d\u0435\u043d\u043d\u0443\u044e \u043f\u0430\u043c\u044f\u0442\u044c\u044e \u0430\u0442\u043c\u043e\u0441\u0444\u0435\u0440\u0443.<\/p>\t\t\t\t\t\t\t\t<\/div>\n\t\t\t\t<\/div>\n\t\t\t\t\t<\/div>\n\t\t<\/div>\n\t\t\t\t\t<\/div>\n\t\t<\/section>\n\t\t\t\t\t<\/div>\n\t\t<\/div>\n\t\t\t\t\t<\/div>\n\t\t<\/section>\n\t\t\t\t<\/div>","protected":false},"excerpt":{"rendered":"<p>Piel\u0101gotas ziedu kompoz\u012bcijas Svaigi ziedi uz z\u0101rka v\u0101ka Personaliz\u0113tas lentes Ziedu pieg\u0101de S\u0113ru floristikas pakalpojumi Ziedi atvadu ceremonij\u0101 pau\u017e cie\u0146u, m\u012blest\u012bbu un piemi\u0146u, ko v\u0101rdi reiz\u0113m nesp\u0113j izteikt. Klusums VS pied\u0101v\u0101 s\u0113ru floristikas pakalpojumus, lai rad\u012btu elegantu, harmonisku un personisku noska\u0146u J\u016bsu<span class=\"more-dots\">&#8230;<\/span> <span class=\"more-tag\"><a class=\"more-link btn btn-maincolor\" href=\"https:\/\/www.klusums.lv\/ru\/seras\/\">Read More<span class=\"screen-reader-text\"> \"S\u0113ru floristikas pakalpojumi\"<\/span><\/a><\/span><!-- .more-tag --><\/p>","protected":false},"author":1,"featured_media":0,"parent":0,"menu_order":0,"comment_status":"closed","ping_status":"closed","template":"page-templates\/full-width.php","meta":{"footnotes":""},"class_list":["post-2890","page","type-page","status-publish","hentry"],"_links":{"self":[{"href":"https:\/\/www.klusums.lv\/ru\/wp-json\/wp\/v2\/pages\/2890","targetHints":{"allow":["GET"]}}],"collection":[{"href":"https:\/\/www.klusums.lv\/ru\/wp-json\/wp\/v2\/pages"}],"about":[{"href":"https:\/\/www.klusums.lv\/ru\/wp-json\/wp\/v2\/types\/page"}],"author":[{"embeddable":true,"href":"https:\/\/www.klusums.lv\/ru\/wp-json\/wp\/v2\/users\/1"}],"replies":[{"embeddable":true,"href":"https:\/\/www.klusums.lv\/ru\/wp-json\/wp\/v2\/comments?post=2890"}],"version-history":[{"count":5,"href":"https:\/\/www.klusums.lv\/ru\/wp-json\/wp\/v2\/pages\/2890\/revisions"}],"predecessor-version":[{"id":7207,"href":"https:\/\/www.klusums.lv\/ru\/wp-json\/wp\/v2\/pages\/2890\/revisions\/7207"}],"wp:attachment":[{"href":"https:\/\/www.klusums.lv\/ru\/wp-json\/wp\/v2\/media?parent=2890"}],"curies":[{"name":"wp","href":"https:\/\/api.w.org\/{rel}","templated":true}]}}