{"id":2854,"date":"2025-11-04T14:13:37","date_gmt":"2025-11-04T12:13:37","guid":{"rendered":"https:\/\/klusumsvs.ambex.lv\/?page_id=2854"},"modified":"2026-03-18T14:30:50","modified_gmt":"2026-03-18T12:30:50","slug":"transports2","status":"publish","type":"page","link":"https:\/\/www.klusums.lv\/ru\/transports2\/","title":{"rendered":"\u0422\u0440\u0430\u043d\u0441\u043f\u043e\u0440\u0442 \u0434\u043b\u044f \u0441\u043e\u043f\u0440\u043e\u0432\u043e\u0436\u0434\u0430\u044e\u0449\u0438\u0445"},"content":{"rendered":"<div data-elementor-type=\"wp-page\" data-elementor-id=\"2854\" class=\"elementor elementor-2854\">\n\t\t\t\t\t\t<section class=\"elementor-section elementor-top-section elementor-element elementor-element-5b56f85 elementor-reverse-tablet elementor-reverse-mobile elementor-section-boxed elementor-section-height-default elementor-section-height-default\" data-id=\"5b56f85\" data-element_type=\"section\" data-e-type=\"section\">\n\t\t\t\t\t\t<div class=\"elementor-container elementor-column-gap-default\">\n\t\t\t\t\t<div class=\"elementor-column elementor-col-33 elementor-top-column elementor-element elementor-element-707aa17\" data-id=\"707aa17\" data-element_type=\"column\" data-e-type=\"column\">\n\t\t\t<div class=\"elementor-widget-wrap elementor-element-populated\">\n\t\t\t\t\t\t<div class=\"elementor-element elementor-element-54344a8 icon-after elementor-icon-list--layout-traditional elementor-list-item-link-full_width elementor-widget elementor-widget-icon-list\" data-id=\"54344a8\" data-element_type=\"widget\" data-e-type=\"widget\" data-widget_type=\"icon-list.default\">\n\t\t\t\t<div class=\"elementor-widget-container\">\n\t\t\t\t\t\t\t<ul class=\"elementor-icon-list-items\">\n\t\t\t\t\t\t\t<li class=\"elementor-icon-list-item\">\n\t\t\t\t\t\t\t\t\t\t\t<span class=\"elementor-icon-list-icon\">\n\t\t\t\t\t\t\t<svg xmlns=\"http:\/\/www.w3.org\/2000\/svg\" viewbox=\"0 0 32 32\"><title>45-Check<\/title><g id=\"_45-Check\" data-name=\"45-Check\"><path d=\"M30,15V25a5,5,0,0,1-5,5H7a5,5,0,0,1-5-5V7A5,5,0,0,1,7,2H17V0H7A7,7,0,0,0,0,7V25a7,7,0,0,0,7,7H25a7,7,0,0,0,7-7V15Z\"><\/path><path d=\"M7.71,13.29,6.29,14.71l7,7a1,1,0,0,0,1.41,0l16-16L29.29,4.29,14,19.59Z\"><\/path><\/g><\/svg>\t\t\t\t\t\t<\/span>\n\t\t\t\t\t\t\t\t\t\t<span class=\"elementor-icon-list-text\">\u0422\u0440\u0430\u043d\u0441\u043f\u043e\u0440\u0442\u043d\u0430\u044f \u043e\u0440\u0433\u0430\u043d\u0438\u0437\u0430\u0446\u0438\u044f<\/span>\n\t\t\t\t\t\t\t\t\t<\/li>\n\t\t\t\t\t\t\t\t<li class=\"elementor-icon-list-item\">\n\t\t\t\t\t\t\t\t\t\t\t<span class=\"elementor-icon-list-icon\">\n\t\t\t\t\t\t\t<svg xmlns=\"http:\/\/www.w3.org\/2000\/svg\" viewbox=\"0 0 32 32\"><title>45-Check<\/title><g id=\"_45-Check\" data-name=\"45-Check\"><path d=\"M30,15V25a5,5,0,0,1-5,5H7a5,5,0,0,1-5-5V7A5,5,0,0,1,7,2H17V0H7A7,7,0,0,0,0,7V25a7,7,0,0,0,7,7H25a7,7,0,0,0,7-7V15Z\"><\/path><path d=\"M7.71,13.29,6.29,14.71l7,7a1,1,0,0,0,1.41,0l16-16L29.29,4.29,14,19.59Z\"><\/path><\/g><\/svg>\t\t\t\t\t\t<\/span>\n\t\t\t\t\t\t\t\t\t\t<span class=\"elementor-icon-list-text\">\u041f\u0440\u043e\u0444\u0435\u0441\u0441\u0438\u043e\u043d\u0430\u043b\u044c\u043d\u044b\u0435 \u0438 \u0432\u043d\u0438\u043c\u0430\u0442\u0435\u043b\u044c\u043d\u044b\u0435 \u0432\u043e\u0434\u0438\u0442\u0435\u043b\u0438<\/span>\n\t\t\t\t\t\t\t\t\t<\/li>\n\t\t\t\t\t\t\t\t<li class=\"elementor-icon-list-item\">\n\t\t\t\t\t\t\t\t\t\t\t<span class=\"elementor-icon-list-icon\">\n\t\t\t\t\t\t\t<svg xmlns=\"http:\/\/www.w3.org\/2000\/svg\" viewbox=\"0 0 32 32\"><title>45-Check<\/title><g id=\"_45-Check\" data-name=\"45-Check\"><path d=\"M30,15V25a5,5,0,0,1-5,5H7a5,5,0,0,1-5-5V7A5,5,0,0,1,7,2H17V0H7A7,7,0,0,0,0,7V25a7,7,0,0,0,7,7H25a7,7,0,0,0,7-7V15Z\"><\/path><path d=\"M7.71,13.29,6.29,14.71l7,7a1,1,0,0,0,1.41,0l16-16L29.29,4.29,14,19.59Z\"><\/path><\/g><\/svg>\t\t\t\t\t\t<\/span>\n\t\t\t\t\t\t\t\t\t\t<span class=\"elementor-icon-list-text\">\u0421\u043e\u0442\u0440\u0443\u0434\u043d\u0438\u0447\u0435\u0441\u0442\u0432\u043e \u0441 \u0432\u0435\u0434\u0443\u0449\u0438\u043c\u0438<\/span>\n\t\t\t\t\t\t\t\t\t<\/li>\n\t\t\t\t\t\t<\/ul>\n\t\t\t\t\t\t<\/div>\n\t\t\t\t<\/div>\n\t\t\t\t\t<\/div>\n\t\t<\/div>\n\t\t\t\t<div class=\"elementor-column elementor-col-66 elementor-top-column elementor-element elementor-element-2cc42de\" data-id=\"2cc42de\" data-element_type=\"column\" data-e-type=\"column\">\n\t\t\t<div class=\"elementor-widget-wrap elementor-element-populated\">\n\t\t\t\t\t\t<div class=\"elementor-element elementor-element-60bef6d elementor-widget elementor-widget-image\" data-id=\"60bef6d\" data-element_type=\"widget\" data-e-type=\"widget\" data-widget_type=\"image.default\">\n\t\t\t\t<div class=\"elementor-widget-container\">\n\t\t\t\t\t\t\t\t\t\t\t\t\t\t\t<img fetchpriority=\"high\" decoding=\"async\" width=\"1024\" height=\"684\" src=\"https:\/\/www.klusums.lv\/wp-content\/uploads\/2025\/12\/image-2-1024x684.jpg\" class=\"attachment-large size-large wp-image-5889\" alt=\"\" srcset=\"https:\/\/www.klusums.lv\/wp-content\/uploads\/2025\/12\/image-2-1024x684.jpg 1024w, https:\/\/www.klusums.lv\/wp-content\/uploads\/2025\/12\/image-2-300x200.jpg 300w, https:\/\/www.klusums.lv\/wp-content\/uploads\/2025\/12\/image-2-768x513.jpg 768w, https:\/\/www.klusums.lv\/wp-content\/uploads\/2025\/12\/image-2-1536x1025.jpg 1536w, https:\/\/www.klusums.lv\/wp-content\/uploads\/2025\/12\/image-2-2048x1367.jpg 2048w, https:\/\/www.klusums.lv\/wp-content\/uploads\/2025\/12\/image-2-18x12.jpg 18w, https:\/\/www.klusums.lv\/wp-content\/uploads\/2025\/12\/image-2-1170x780.jpg 1170w, https:\/\/www.klusums.lv\/wp-content\/uploads\/2025\/12\/image-2-400x267.jpg 400w\" sizes=\"(max-width: 1024px) 100vw, 1024px\" \/>\t\t\t\t\t\t\t\t\t\t\t\t\t\t\t<\/div>\n\t\t\t\t<\/div>\n\t\t\t\t<section class=\"elementor-section elementor-inner-section elementor-element elementor-element-53a0790 elementor-section-boxed elementor-section-height-default elementor-section-height-default\" data-id=\"53a0790\" data-element_type=\"section\" data-e-type=\"section\">\n\t\t\t\t\t\t<div class=\"elementor-container elementor-column-gap-default\">\n\t\t\t\t\t<div class=\"elementor-column elementor-col-100 elementor-inner-column elementor-element elementor-element-bafe680\" data-id=\"bafe680\" data-element_type=\"column\" data-e-type=\"column\" data-settings=\"{&quot;background_background&quot;:&quot;classic&quot;}\">\n\t\t\t<div class=\"elementor-widget-wrap elementor-element-populated\">\n\t\t\t\t\t\t<div class=\"elementor-element elementor-element-7616281 elementor-widget elementor-widget-heading\" data-id=\"7616281\" data-element_type=\"widget\" data-e-type=\"widget\" data-widget_type=\"heading.default\">\n\t\t\t\t<div class=\"elementor-widget-container\">\n\t\t\t\t\t<h2 class=\"elementor-heading-title elementor-size-default\">\u0422\u0440\u0430\u043d\u0441\u043f\u043e\u0440\u0442 \u0434\u043b\u044f \u0441\u043e\u043f\u0440\u043e\u0432\u043e\u0436\u0434\u0430\u044e\u0449\u0438\u0445<\/h2>\t\t\t\t<\/div>\n\t\t\t\t<\/div>\n\t\t\t\t<div class=\"elementor-element elementor-element-85b5198 elementor-widget elementor-widget-text-editor\" data-id=\"85b5198\" data-element_type=\"widget\" data-e-type=\"widget\" data-widget_type=\"text-editor.default\">\n\t\t\t\t<div class=\"elementor-widget-container\">\n\t\t\t\t\t\t\t\t\t<p>\u041f\u0440\u043e\u0449\u0430\u043b\u044c\u043d\u0430\u044f \u0446\u0435\u0440\u0435\u043c\u043e\u043d\u0438\u044f, \u044d\u0442\u043e \u043e\u0447\u0435\u043d\u044c \u0432\u0430\u0436\u043d\u043e, \u0447\u0442\u043e\u0431\u044b \u0431\u043b\u0438\u0437\u043a\u0438\u0435 \u0438 \u0441\u043e\u043f\u0440\u043e\u0432\u043e\u0436\u0434\u0430\u044e\u0449\u0438\u0435 \u043f\u0440\u0438\u0431\u044b\u043b\u0438 \u043d\u0430 \u043c\u0435\u0441\u0442\u043e \u0446\u0435\u0440\u0435\u043c\u043e\u043d\u0438\u0438 \u0431\u0435\u0437\u043e\u043f\u0430\u0441\u043d\u043e, \u0443\u0434\u043e\u0431\u043d\u043e \u0438 \u0432\u043e\u0432\u0440\u0435\u043c\u044f. Klusums VS \u043f\u0440\u0435\u0434\u043e\u0441\u0442\u0430\u0432\u043b\u044f\u0435\u0442 \u0442\u0440\u0430\u043d\u0441\u043f\u043e\u0440\u0442, \u0437\u0430\u0431\u043e\u0442\u044f\u0441\u044c \u043e \u043a\u043e\u043c\u0444\u043e\u0440\u0442\u0435, \u043f\u0440\u0438\u0432\u0430\u0442\u043d\u043e\u0441\u0442\u0438 \u0438 \u0443\u0432\u0430\u0436\u0438\u0442\u0435\u043b\u044c\u043d\u043e\u043c \u043e\u0442\u043d\u043e\u0448\u0435\u043d\u0438\u0438.<\/p><p>\u041d\u0430\u0448\u0438 \u0443\u0441\u043b\u0443\u0433\u0438 \u0432\u043a\u043b\u044e\u0447\u0430\u044e\u0442:<\/p>\t\t\t\t\t\t\t\t<\/div>\n\t\t\t\t<\/div>\n\t\t\t\t<div class=\"elementor-element elementor-element-6c20744 elementor-icon-list--layout-traditional elementor-list-item-link-full_width elementor-widget elementor-widget-icon-list\" data-id=\"6c20744\" data-element_type=\"widget\" data-e-type=\"widget\" data-widget_type=\"icon-list.default\">\n\t\t\t\t<div class=\"elementor-widget-container\">\n\t\t\t\t\t\t\t<ul class=\"elementor-icon-list-items\">\n\t\t\t\t\t\t\t<li class=\"elementor-icon-list-item\">\n\t\t\t\t\t\t\t\t\t\t\t<span class=\"elementor-icon-list-icon\">\n\t\t\t\t\t\t\t<i aria-hidden=\"true\" class=\"fas fa-chevron-right\"><\/i>\t\t\t\t\t\t<\/span>\n\t\t\t\t\t\t\t\t\t\t<span class=\"elementor-icon-list-text\">\u0442\u0440\u0430\u043d\u0441\u043f\u043e\u0440\u0442\u0438\u0440\u043e\u0432\u043a\u0443 \u0441\u043e\u043f\u0440\u043e\u0432\u043e\u0436\u0434\u0430\u044e\u0449\u0438\u0445 \u0438\u0437 \u0434\u043e\u043c\u0430, \u043c\u0435\u0434\u0438\u0446\u0438\u043d\u0441\u043a\u0438\u0445 \u0443\u0447\u0440\u0435\u0436\u0434\u0435\u043d\u0438\u0439 \u0438\u043b\u0438 \u0434\u0440\u0443\u0433\u0438\u0445 \u043d\u0430\u0437\u043d\u0430\u0447\u0435\u043d\u043d\u044b\u0445 \u043c\u0435\u0441\u0442 \u043a \u043c\u0435\u0441\u0442\u0443 \u0446\u0435\u0440\u0435\u043c\u043e\u043d\u0438\u0438 \u0438 \u0437\u0430\u0445\u043e\u0440\u043e\u043d\u0435\u043d\u0438\u044f;<\/span>\n\t\t\t\t\t\t\t\t\t<\/li>\n\t\t\t\t\t\t\t\t<li class=\"elementor-icon-list-item\">\n\t\t\t\t\t\t\t\t\t\t\t<span class=\"elementor-icon-list-icon\">\n\t\t\t\t\t\t\t<i aria-hidden=\"true\" class=\"fas fa-chevron-right\"><\/i>\t\t\t\t\t\t<\/span>\n\t\t\t\t\t\t\t\t\t\t<span class=\"elementor-icon-list-text\">\u043f\u0440\u0435\u0434\u043e\u0441\u0442\u0430\u0432\u043b\u0435\u043d\u0438\u0435 \u043f\u0440\u043e\u0444\u0435\u0441\u0441\u0438\u043e\u043d\u0430\u043b\u044c\u043d\u044b\u0445 \u0438 \u0432\u043d\u0438\u043c\u0430\u0442\u0435\u043b\u044c\u043d\u044b\u0445 \u0432\u043e\u0434\u0438\u0442\u0435\u043b\u0435\u0439, \u043e\u0441\u043e\u0437\u043d\u0430\u044e\u0449\u0438\u0445 \u0432\u0441\u044e \u0441\u0435\u0440\u044c\u0451\u0437\u043d\u043e\u0441\u0442\u044c \u0441\u0438\u0442\u0443\u0430\u0446\u0438\u0438;<\/span>\n\t\t\t\t\t\t\t\t\t<\/li>\n\t\t\t\t\t\t\t\t<li class=\"elementor-icon-list-item\">\n\t\t\t\t\t\t\t\t\t\t\t<span class=\"elementor-icon-list-icon\">\n\t\t\t\t\t\t\t<i aria-hidden=\"true\" class=\"fas fa-chevron-right\"><\/i>\t\t\t\t\t\t<\/span>\n\t\t\t\t\t\t\t\t\t\t<span class=\"elementor-icon-list-text\">\u0441\u043e\u0442\u0440\u0443\u0434\u043d\u0438\u0447\u0435\u0441\u0442\u0432\u043e \u0441 \u0432\u0435\u0434\u0443\u0449\u0438\u043c\u0438 \u0446\u0435\u0440\u0435\u043c\u043e\u043d\u0438\u0438 \u0434\u043b\u044f \u043c\u0438\u043d\u0438\u043c\u0438\u0437\u0430\u0446\u0438\u0438 \u0441\u0442\u0440\u0435\u0441\u0441\u043e\u0432\u044b\u0445 \u0441\u0438\u0442\u0443\u0430\u0446\u0438\u0439 \u0438 \u043e\u0431\u0435\u0441\u043f\u0435\u0447\u0435\u043d\u0438\u044f \u043f\u0443\u043d\u043a\u0442\u0443\u0430\u043b\u044c\u043d\u043e\u0441\u0442\u0438.<\/span>\n\t\t\t\t\t\t\t\t\t<\/li>\n\t\t\t\t\t\t<\/ul>\n\t\t\t\t\t\t<\/div>\n\t\t\t\t<\/div>\n\t\t\t\t<div class=\"elementor-element elementor-element-301e145 elementor-widget elementor-widget-text-editor\" data-id=\"301e145\" data-element_type=\"widget\" data-e-type=\"widget\" data-widget_type=\"text-editor.default\">\n\t\t\t\t<div class=\"elementor-widget-container\">\n\t\t\t\t\t\t\t\t\t<p>\u041c\u044b \u043f\u043e\u043d\u0438\u043c\u0430\u0435\u043c, \u043d\u0430\u0441\u043a\u043e\u043b\u044c\u043a\u043e \u0432\u0430\u0436\u043d\u044b \u0441\u043f\u043e\u043a\u043e\u0439\u0441\u0442\u0432\u0438\u0435 \u0438 \u0431\u0435\u0437\u043e\u043f\u0430\u0441\u043d\u043e\u0441\u0442\u044c \u0432 \u044d\u0442\u043e\u0442 \u043c\u043e\u043c\u0435\u043d\u0442, \u043f\u043e\u044d\u0442\u043e\u043c\u0443 \u0433\u0430\u0440\u0430\u043d\u0442\u0438\u0440\u0443\u0435\u043c, \u0447\u0442\u043e \u0442\u0440\u0430\u043d\u0441\u043f\u043e\u0440\u0442\u0438\u0440\u043e\u0432\u043a\u0430 \u0441\u043e\u043f\u0440\u043e\u0432\u043e\u0436\u0434\u0430\u044e\u0449\u0438\u0445 \u043d\u0435 \u0432\u044b\u0437\u043e\u0432\u0435\u0442 \u043d\u0438\u043a\u0430\u043a\u0438\u0445 \u0431\u0435\u0441\u043f\u043e\u043a\u043e\u0439\u0441\u0442\u0432, \u0447\u0442\u043e \u043f\u043e\u0437\u0432\u043e\u043b\u0438\u0442 \u0432\u0430\u043c \u0441\u043e\u0441\u0440\u0435\u0434\u043e\u0442\u043e\u0447\u0438\u0442\u044c\u0441\u044f \u043d\u0430 \u0446\u0435\u0440\u0435\u043c\u043e\u043d\u0438\u0438 \u043f\u0440\u043e\u0449\u0430\u043d\u0438\u044f \u0438 \u043f\u0430\u043c\u044f\u0442\u043d\u044b\u0445 \u043c\u043e\u043c\u0435\u043d\u0442\u0430\u0445.<\/p>\t\t\t\t\t\t\t\t<\/div>\n\t\t\t\t<\/div>\n\t\t\t\t\t<\/div>\n\t\t<\/div>\n\t\t\t\t\t<\/div>\n\t\t<\/section>\n\t\t\t\t\t<\/div>\n\t\t<\/div>\n\t\t\t\t\t<\/div>\n\t\t<\/section>\n\t\t\t\t<\/div>","protected":false},"excerpt":{"rendered":"<p>Transporta organiz\u0113\u0161ana Profesion\u0101li un diskr\u0113ti \u0161oferi Sadarb\u012bba ar ceremonijas vad\u012bt\u0101jiem Transports pavad\u012bt\u0101jiem Atvadu ceremonijas laik\u0101 \u013coti svar\u012bgi ir, lai tuvinieki un pavad\u012bt\u0101ji nok\u013c\u016btu uz ceremonijas vietu dro\u0161i, \u0113rti un laik\u0101. Klusums VS nodro\u0161ina transportu, r\u016bp\u0113joties par komfortu, priv\u0101tumu un cie\u0146pilnu attieksmi. M\u016bsu<span class=\"more-dots\">&#8230;<\/span> <span class=\"more-tag\"><a class=\"more-link btn btn-maincolor\" href=\"https:\/\/www.klusums.lv\/ru\/transports2\/\">Read More<span class=\"screen-reader-text\"> \"Transports pavad\u012bt\u0101jiem\"<\/span><\/a><\/span><!-- .more-tag --><\/p>","protected":false},"author":1,"featured_media":0,"parent":0,"menu_order":0,"comment_status":"closed","ping_status":"closed","template":"page-templates\/full-width.php","meta":{"footnotes":""},"class_list":["post-2854","page","type-page","status-publish","hentry"],"_links":{"self":[{"href":"https:\/\/www.klusums.lv\/ru\/wp-json\/wp\/v2\/pages\/2854","targetHints":{"allow":["GET"]}}],"collection":[{"href":"https:\/\/www.klusums.lv\/ru\/wp-json\/wp\/v2\/pages"}],"about":[{"href":"https:\/\/www.klusums.lv\/ru\/wp-json\/wp\/v2\/types\/page"}],"author":[{"embeddable":true,"href":"https:\/\/www.klusums.lv\/ru\/wp-json\/wp\/v2\/users\/1"}],"replies":[{"embeddable":true,"href":"https:\/\/www.klusums.lv\/ru\/wp-json\/wp\/v2\/comments?post=2854"}],"version-history":[{"count":1,"href":"https:\/\/www.klusums.lv\/ru\/wp-json\/wp\/v2\/pages\/2854\/revisions"}],"predecessor-version":[{"id":7074,"href":"https:\/\/www.klusums.lv\/ru\/wp-json\/wp\/v2\/pages\/2854\/revisions\/7074"}],"wp:attachment":[{"href":"https:\/\/www.klusums.lv\/ru\/wp-json\/wp\/v2\/media?parent=2854"}],"curies":[{"name":"wp","href":"https:\/\/api.w.org\/{rel}","templated":true}]}}