{"id":1425,"date":"2023-08-11T22:35:31","date_gmt":"2023-08-11T22:35:31","guid":{"rendered":"https:\/\/klusumsvs.ambex.lv\/?page_id=1425"},"modified":"2026-03-12T12:21:13","modified_gmt":"2026-03-12T10:21:13","slug":"kontakti","status":"publish","type":"page","link":"https:\/\/www.klusums.lv\/ru\/kontakti\/","title":{"rendered":"\u041a\u043e\u043d\u0442\u0430\u043a\u0442\u044b"},"content":{"rendered":"<div data-elementor-type=\"wp-page\" data-elementor-id=\"1425\" class=\"elementor elementor-1425\">\n\t\t\t\t\t\t<section class=\"elementor-section elementor-top-section elementor-element elementor-element-5f57743 elementor-section-height-min-height elementor-section-boxed elementor-section-height-default elementor-section-items-middle\" data-id=\"5f57743\" data-element_type=\"section\" data-e-type=\"section\">\n\t\t\t\t\t\t<div class=\"elementor-container elementor-column-gap-default\">\n\t\t\t\t\t<div class=\"elementor-column elementor-col-33 elementor-top-column elementor-element elementor-element-11854b1\" data-id=\"11854b1\" data-element_type=\"column\" data-e-type=\"column\">\n\t\t\t<div class=\"elementor-widget-wrap elementor-element-populated\">\n\t\t\t\t\t\t<div class=\"elementor-element elementor-element-4d249ba elementor-widget-tablet__width-inherit elementor-widget elementor-widget-text-editor\" data-id=\"4d249ba\" data-element_type=\"widget\" data-e-type=\"widget\" data-widget_type=\"text-editor.default\">\n\t\t\t\t<div class=\"elementor-widget-container\">\n\t\t\t\t\t\t\t\t\t<div style=\"display: flex; align-items: flex-start; gap: 12px;\">\n\n<!-- ICON -->\n<div style=\"width: 40px; height: 40px; flex-shrink: 0;\"><img decoding=\"async\" style=\"width: 100%; height: 100%; object-fit: contain;\" src=\"https:\/\/www.klusums.lv\/wp-content\/uploads\/2025\/11\/location-direction-gps-svgrepo-com.svg\" alt=\"icon\" \/><\/div>\n<!-- TEXT -->\n<div>\n\n<!-- TITLE -->\n<div style=\"font-family: 'Playfair Display', Sans-serif; font-size: 22px; font-weight: 600; font-style: normal; line-height: 1em; letter-spacing: 0.1em; color: #486173; margin: 0;\">\u0411\u044e\u0440\u043e \u041f\u0430\u0440\u0434\u0430\u0443\u0433\u0430\u0432\u0430<\/div>\n<!-- ADDRESS -->\n<div style=\"font-family: 'Montserrat', Sans-serif; font-size: 16px; color: #486173; margin-top: 6px; font-weight: 400;\"><a href=\"https:\/\/maps.app.goo.gl\/p6WxDiqqMQEvd1Kx9\" target=\"_blank\" rel=\"noopener\">\u0443\u043b. \u0411\u0430\u0443\u0441\u043a\u0430\u0441, 149, \u0420\u0438\u0433\u0430, LV-1004<\/a><\/div>\n<\/div>\n<\/div>\t\t\t\t\t\t\t\t<\/div>\n\t\t\t\t<\/div>\n\t\t\t\t<div class=\"elementor-element elementor-element-9104a99 elementor-widget elementor-widget-text-editor\" data-id=\"9104a99\" data-element_type=\"widget\" data-e-type=\"widget\" data-widget_type=\"text-editor.default\">\n\t\t\t\t<div class=\"elementor-widget-container\">\n\t\t\t\t\t\t\t\t\t<div style=\"display: flex; align-items: flex-start; gap: 12px;\">\n<div style=\"width: 40px; height: 40px; flex-shrink: 0;\"><img decoding=\"async\" class=\"alignleft\" style=\"width: 100%; height: 100%; object-fit: contain;\" src=\"https:\/\/www.klusums.lv\/wp-content\/uploads\/2025\/11\/phone-svgrepo-com-2.svg\" alt=\"icon\" \/><\/div>\n<!-- TEXT -->\n<div><!-- TITLE -->\n<div style=\"font-family: 'Playfair Display', Sans-serif; font-size: 22px; font-weight: 600; font-style: normal; line-height: 2em; letter-spacing: 0.05em; color: #486173; margin: 0;\">\u041a\u0440\u0443\u0433\u043b\u043e\u0441\u0443\u0442\u043e\u0447\u043d\u044b\u0439 \u0442\u0435\u043b\u0435\u0444\u043e\u043d<\/div>\n<!-- ADDRESS -->\n<div style=\"font-family: 'Montserrat', Sans-serif; font-size: 16px; color: #486173; margin-top: 6px; font-weight: 400;\"><a href=\"tel:+371 26 525 796\">+371 26 525 796<\/a><\/div>\n<\/div>\n<\/div>\t\t\t\t\t\t\t\t<\/div>\n\t\t\t\t<\/div>\n\t\t\t\t\t<\/div>\n\t\t<\/div>\n\t\t\t\t<div class=\"elementor-column elementor-col-33 elementor-top-column elementor-element elementor-element-9e07394\" data-id=\"9e07394\" data-element_type=\"column\" data-e-type=\"column\">\n\t\t\t<div class=\"elementor-widget-wrap elementor-element-populated\">\n\t\t\t\t\t\t<div class=\"elementor-element elementor-element-5d198e3 elementor-widget-tablet__width-inherit elementor-widget elementor-widget-text-editor\" data-id=\"5d198e3\" data-element_type=\"widget\" data-e-type=\"widget\" data-widget_type=\"text-editor.default\">\n\t\t\t\t<div class=\"elementor-widget-container\">\n\t\t\t\t\t\t\t\t\t<div style=\"display: flex; align-items: flex-start; gap: 12px;\"><!-- ICON --><div style=\"width: 40px; height: 40px; flex-shrink: 0;\"><img decoding=\"async\" class=\"alignnone\" style=\"width: 100%; height: 100%; object-fit: contain;\" src=\"https:\/\/www.klusums.lv\/wp-content\/uploads\/2025\/11\/location-direction-gps-svgrepo-com.svg\" alt=\"icon\" \/><\/div><!-- TEXT --><div><!-- TITLE --><div style=\"font-family: 'Playfair Display', Sans-serif; font-size: 22px; font-weight: 600; font-style: normal; line-height: 1em; letter-spacing: 0.1em; color: #486173; margin: 0;\">\u0411\u044e\u0440\u043e \u042e\u0433\u043b\u0430<\/div><!-- ADDRESS --><div style=\"font-family: 'Montserrat', Sans-serif; font-size: 16px; color: #486173; margin-top: 6px; font-weight: 400;\"><a href=\"https:\/\/maps.app.goo.gl\/hQSwdXspD7qk7eQ89\" target=\"_blank\" rel=\"noopener\">\u0443\u043b. \u042e\u0433\u043b\u0430\u0441, 2\u0415, \u0420\u0438\u0433\u0430, LV-1024<\/a><\/div><\/div><\/div>\t\t\t\t\t\t\t\t<\/div>\n\t\t\t\t<\/div>\n\t\t\t\t<div class=\"elementor-element elementor-element-36bfa9e elementor-widget elementor-widget-text-editor\" data-id=\"36bfa9e\" data-element_type=\"widget\" data-e-type=\"widget\" data-widget_type=\"text-editor.default\">\n\t\t\t\t<div class=\"elementor-widget-container\">\n\t\t\t\t\t\t\t\t\t<div style=\"display: flex; align-items: flex-start; gap: 12px;\"><div style=\"width: 40px; height: 40px; flex-shrink: 0;\"><img decoding=\"async\" class=\"alignleft\" style=\"width: 100%; height: 100%; object-fit: contain;\" src=\"https:\/\/www.klusums.lv\/wp-content\/uploads\/2025\/11\/phone-svgrepo-com-2.svg\" alt=\"icon\" \/><\/div><!-- TEXT --><div><!-- TITLE --><div style=\"font-family: 'Playfair Display', Sans-serif; font-size: 22px; font-weight: 600; font-style: normal; letter-spacing: 0.05em; color: #486173; margin: 0;\">\u041a\u0440\u0443\u0433\u043b\u043e\u0441\u0443\u0442\u043e\u0447\u043d\u044b\u0439 \u0442\u0435\u043b\u0435\u0444\u043e\u043d<\/div><!-- ADDRESS --><div style=\"font-family: 'Montserrat', Sans-serif; font-size: 16px; color: #486173; margin-top: 6px; font-weight: 400;\"><a href=\"tel:+371 26 525 796\">+371 26 525 796<\/a><\/div><\/div><\/div>\t\t\t\t\t\t\t\t<\/div>\n\t\t\t\t<\/div>\n\t\t\t\t\t<\/div>\n\t\t<\/div>\n\t\t\t\t<div class=\"elementor-column elementor-col-33 elementor-top-column elementor-element elementor-element-d13fb81\" data-id=\"d13fb81\" data-element_type=\"column\" data-e-type=\"column\">\n\t\t\t<div class=\"elementor-widget-wrap elementor-element-populated\">\n\t\t\t\t\t\t<div class=\"elementor-element elementor-element-c44c510 elementor-widget-tablet__width-inherit elementor-widget elementor-widget-text-editor\" data-id=\"c44c510\" data-element_type=\"widget\" data-e-type=\"widget\" data-widget_type=\"text-editor.default\">\n\t\t\t\t<div class=\"elementor-widget-container\">\n\t\t\t\t\t\t\t\t\t<div style=\"display: flex; align-items: flex-start; gap: 12px;\">\n<div style=\"width: 40px; height: 40px; flex-shrink: 0;\"><img decoding=\"async\" class=\"alignnone\" style=\"width: 100%; height: 100%; object-fit: contain;\" src=\"https:\/\/www.klusums.lv\/wp-content\/uploads\/2025\/12\/mail-svgrepo-com-1.png\" alt=\"icon\" \/><\/div>\n<!-- TEXT -->\n<div>\n\n<!-- TITLE -->\n<div style=\"font-family: 'Playfair Display', Sans-serif; font-size: 22px; font-weight: 600; font-style: normal; line-height: 1em; letter-spacing: 0.1em; color: #486173; margin: 0;\">\u042d\u043b\u0435\u043a\u0442\u0440\u043e\u043d\u043d\u0430\u044f \u043f\u043e\u0447\u0442\u0430<\/div>\n<!-- ADDRESS -->\n<div style=\"font-family: 'Montserrat', Sans-serif; font-size: 16px; color: #486173; margin-top: 6px; font-weight: 400;\"><a href=\"mailto:info@klusums.lv\" target=\"_self\" rel=\"noopener noreferrer\">info@klusums.lv<\/a><\/div>\n<\/div>\n<\/div>\t\t\t\t\t\t\t\t<\/div>\n\t\t\t\t<\/div>\n\t\t\t\t<div class=\"elementor-element elementor-element-7e3aa6d elementor-widget elementor-widget-text-editor\" data-id=\"7e3aa6d\" data-element_type=\"widget\" data-e-type=\"widget\" data-widget_type=\"text-editor.default\">\n\t\t\t\t<div class=\"elementor-widget-container\">\n\t\t\t\t\t\t\t\t\t<div style=\"display: flex; align-items: flex-start; gap: 12px;\">\n<div style=\"width: 40px; height: 40px; flex-shrink: 0;\"><img decoding=\"async\" class=\"alignleft\" style=\"width: 100%; height: 100%; object-fit: contain;\" src=\"https:\/\/www.klusums.lv\/wp-content\/uploads\/2025\/12\/clock-0300-svgrepo-com.png\" alt=\"icon\" \/><\/div>\n<!-- TEXT -->\n<div>\n\n<!-- TITLE -->\n<div style=\"font-family: 'Playfair Display', Sans-serif; font-size: 22px; font-weight: 600; font-style: normal; letter-spacing: 0.05em; color: #486173; margin: 0;\">\u0412\u0441\u0435\u0433\u0434\u0430 \u0440\u044f\u0434\u043e\u043c \u0441 \u0432\u0430\u043c\u0438<\/div>\n<!-- ADDRESS -->\n<div style=\"font-family: 'Montserrat', Sans-serif; font-size: 16px; color: #333; margin-top: 6px; font-weight: 400;\">\u041a\u0440\u0443\u0433\u043b\u043e\u0441\u0443\u0442\u043e\u0447\u043d\u0430\u044f \u043f\u043e\u0434\u0434\u0435\u0440\u0436\u043a\u0430 \u0438 \u0443\u0441\u043b\u0443\u0433\u0438<\/div>\n<\/div>\n<\/div>\t\t\t\t\t\t\t\t<\/div>\n\t\t\t\t<\/div>\n\t\t\t\t\t<\/div>\n\t\t<\/div>\n\t\t\t\t\t<\/div>\n\t\t<\/section>\n\t\t\t\t<section class=\"elementor-section elementor-top-section elementor-element elementor-element-e98f7df elementor-section-boxed elementor-section-height-default elementor-section-height-default\" data-id=\"e98f7df\" data-element_type=\"section\" data-e-type=\"section\">\n\t\t\t\t\t\t<div class=\"elementor-container elementor-column-gap-default\">\n\t\t\t\t\t<div class=\"elementor-column elementor-col-100 elementor-top-column elementor-element elementor-element-2347b9d\" data-id=\"2347b9d\" data-element_type=\"column\" data-e-type=\"column\">\n\t\t\t<div class=\"elementor-widget-wrap elementor-element-populated\">\n\t\t\t\t\t\t<div class=\"elementor-element elementor-element-21d7e17 elementor-widget elementor-widget-image\" data-id=\"21d7e17\" data-element_type=\"widget\" data-e-type=\"widget\" data-widget_type=\"image.default\">\n\t\t\t\t<div class=\"elementor-widget-container\">\n\t\t\t\t\t\t\t\t\t\t\t\t\t\t\t<img fetchpriority=\"high\" decoding=\"async\" width=\"1499\" height=\"839\" src=\"https:\/\/www.klusums.lv\/wp-content\/uploads\/2025\/12\/Untitled-design-3.png\" class=\"attachment-full size-full wp-image-6254\" alt=\"\" srcset=\"https:\/\/www.klusums.lv\/wp-content\/uploads\/2025\/12\/Untitled-design-3.png 1499w, https:\/\/www.klusums.lv\/wp-content\/uploads\/2025\/12\/Untitled-design-3-300x168.png 300w, https:\/\/www.klusums.lv\/wp-content\/uploads\/2025\/12\/Untitled-design-3-1024x573.png 1024w, https:\/\/www.klusums.lv\/wp-content\/uploads\/2025\/12\/Untitled-design-3-768x430.png 768w, https:\/\/www.klusums.lv\/wp-content\/uploads\/2025\/12\/Untitled-design-3-18x10.png 18w, https:\/\/www.klusums.lv\/wp-content\/uploads\/2025\/12\/Untitled-design-3-400x224.png 400w\" sizes=\"(max-width: 1499px) 100vw, 1499px\" \/>\t\t\t\t\t\t\t\t\t\t\t\t\t\t\t<\/div>\n\t\t\t\t<\/div>\n\t\t\t\t\t<\/div>\n\t\t<\/div>\n\t\t\t\t\t<\/div>\n\t\t<\/section>\n\t\t\t\t<section class=\"elementor-section elementor-top-section elementor-element elementor-element-5160780 elementor-section-boxed elementor-section-height-default elementor-section-height-default\" data-id=\"5160780\" data-element_type=\"section\" data-e-type=\"section\">\n\t\t\t\t\t\t<div class=\"elementor-container elementor-column-gap-default\">\n\t\t\t\t\t<div class=\"elementor-column elementor-col-100 elementor-top-column elementor-element elementor-element-471cb9e\" data-id=\"471cb9e\" data-element_type=\"column\" data-e-type=\"column\">\n\t\t\t<div class=\"elementor-widget-wrap elementor-element-populated\">\n\t\t\t\t\t\t<div class=\"elementor-element elementor-element-1633764 elementor-widget elementor-widget-shortcode\" data-id=\"1633764\" data-element_type=\"widget\" data-e-type=\"widget\" data-widget_type=\"shortcode.default\">\n\t\t\t\t<div class=\"elementor-widget-container\">\n\t\t\t\t\t\t\t<div class=\"elementor-shortcode\"><div class=\"language-contact-form-wrapper\" data-no-translation>\n<div class=\"wpcf7 no-js\" id=\"wpcf7-f6597-o1\" lang=\"lv\" dir=\"ltr\" data-wpcf7-id=\"6597\">\n<div class=\"screen-reader-response\"><p role=\"status\" aria-live=\"polite\" aria-atomic=\"true\"><\/p> <ul><\/ul><\/div>\n<form action=\"\/ru\/wp-json\/wp\/v2\/pages\/1425#wpcf7-f6597-o1\" method=\"post\" class=\"wpcf7-form init\" aria-label=\"Contact form\" novalidate=\"novalidate\" data-status=\"init\" data-trp-original-action=\"\/ru\/wp-json\/wp\/v2\/pages\/1425#wpcf7-f6597-o1\">\n<fieldset class=\"hidden-fields-container\"><input type=\"hidden\" name=\"_wpcf7\" value=\"6597\" \/><input type=\"hidden\" name=\"_wpcf7_version\" value=\"6.1.5\" \/><input type=\"hidden\" name=\"_wpcf7_locale\" value=\"lv\" \/><input type=\"hidden\" name=\"_wpcf7_unit_tag\" value=\"wpcf7-f6597-o1\" \/><input type=\"hidden\" name=\"_wpcf7_container_post\" value=\"0\" \/><input type=\"hidden\" name=\"_wpcf7_posted_data_hash\" value=\"\" \/><input type=\"hidden\" name=\"_wpcf7_recaptcha_response\" value=\"\" \/>\n<\/fieldset>\n<div class=\"custom-contact-wrapper\">\n\n    <p class=\"ccf7-subtitle\" style=\"text-transform: normal!important;\">\n        \u041c\u044b \u0434\u043e\u0441\u0442\u0443\u043f\u043d\u044b \u0432 \u043b\u044e\u0431\u043e\u0435 \u0432\u0440\u0435\u043c\u044f 24\/7\n    <\/p>\n\n    <h2 class=\"ccf7-title\">\n        <span class=\"gold\">\u0421\u0432\u044f\u0436\u0438\u0442\u0435\u0441\u044c<\/span> <span class=\"blue\">\u0441 \u043d\u0430\u043c\u0438<\/span>\n    <\/h2>\n\n    <div class=\"ccf7-row\">\n        <span class=\"wpcf7-form-control-wrap full-name star-bg\"> \n            <i class=\"ccf7-icon fas fa-user\"><\/i>\n            <span class=\"wpcf7-form-control-wrap\" data-name=\"full-name\"><input size=\"40\" maxlength=\"50\" minlength=\"2\" class=\"wpcf7-form-control wpcf7-text wpcf7-validates-as-required\" aria-required=\"true\" aria-invalid=\"false\" placeholder=\"\u0418\u043c\u044f\" value=\"\" type=\"text\" name=\"full-name\" \/><\/span>\n            <span class=\"required required-ru\">*<\/span>\n        <\/span>\n\n        <span class=\"wpcf7-form-control-wrap phone star-bg\">\n            <i class=\"ccf7-icon fas fa-phone\"><\/i>\n            <span class=\"wpcf7-form-control-wrap\" data-name=\"phone\"><input size=\"40\" maxlength=\"400\" minlength=\"8\" class=\"wpcf7-form-control wpcf7-tel wpcf7-validates-as-required wpcf7-text wpcf7-validates-as-tel\" aria-required=\"true\" aria-invalid=\"false\" placeholder=\"\u041d\u043e\u043c\u0435\u0440 \u0442\u0435\u043b\u0435\u0444\u043e\u043d\u0430\" value=\"\" type=\"tel\" name=\"phone\" \/><\/span>\n            <span class=\"required required-ru1\">*<\/span>\n        <\/span>\n    <\/div>\n\n    <div class=\"ccf7-row single\">\n        <span class=\"wpcf7-form-control-wrap email star-bg\">\n            <i class=\"ccf7-icon fas fa-envelope\"><\/i>\n            <span class=\"wpcf7-form-control-wrap\" data-name=\"your-email\"><input size=\"40\" maxlength=\"400\" class=\"wpcf7-form-control wpcf7-email wpcf7-validates-as-required wpcf7-text wpcf7-validates-as-email\" aria-required=\"true\" aria-invalid=\"false\" placeholder=\"\u042d\u043b. \u043f\u043e\u0447\u0442\u0430\" value=\"\" type=\"email\" name=\"your-email\" \/><\/span>\n            <span class=\"required required-ru2\">*<\/span>\n        <\/span>\n    <\/div>\n\n    <span id=\"wpcf7-69dedef8cbb71-wrapper\" class=\"wpcf7-form-control-wrap droshiba-979-wrap\" style=\"display:none !important; visibility:hidden !important;\"><label for=\"wpcf7-69dedef8cbb71-field\" class=\"hp-message\">Please leave this field empty.<\/label><input id=\"wpcf7-69dedef8cbb71-field\"  class=\"wpcf7-form-control wpcf7-text\" type=\"text\" name=\"droshiba-979\" value=\"\" size=\"40\" tabindex=\"-1\" autocomplete=\"new-password\" \/><\/span>\n\n    <div class=\"ccf7-row single\">\n        <span class=\"wpcf7-form-control-wrap message star-bg\">\n            <i class=\"ccf7-icon fas fa-pen\"><\/i>\n            <span class=\"wpcf7-form-control-wrap\" data-name=\"your-message\"><textarea cols=\"40\" rows=\"10\" maxlength=\"2000\" class=\"wpcf7-form-control wpcf7-textarea wpcf7-validates-as-required\" aria-required=\"true\" aria-invalid=\"false\" placeholder=\"\u0412\u0430\u0448\u0435 \u0441\u043e\u043e\u0431\u0449\u0435\u043d\u0438\u0435\" name=\"your-message\"><\/textarea><\/span>\n            <span class=\"required required-ru3\">*<\/span>\n        <\/span>\n    <\/div>\n\n    <div class=\"ccf7-submit-wrap\">\n        <input class=\"wpcf7-form-control wpcf7-submit has-spinner\" type=\"submit\" value=\"\u041e\u0442\u043f\u0440\u0430\u0432\u0438\u0442\u044c\" \/>\n    <\/div>\n\n<\/div><div class=\"wpcf7-response-output\" aria-hidden=\"true\"><\/div>\n<input type=\"hidden\" name=\"trp-form-language\" value=\"ru\"\/><\/form>\n<\/div>\n<\/div><\/div>\n\t\t\t\t\t\t<\/div>\n\t\t\t\t<\/div>\n\t\t\t\t\t<\/div>\n\t\t<\/div>\n\t\t\t\t\t<\/div>\n\t\t<\/section>\n\t\t\t\t<section class=\"elementor-section elementor-top-section elementor-element elementor-element-286c95c elementor-section-boxed elementor-section-height-default elementor-section-height-default\" data-id=\"286c95c\" data-element_type=\"section\" data-e-type=\"section\">\n\t\t\t\t\t\t<div class=\"elementor-container elementor-column-gap-default\">\n\t\t\t\t\t<div class=\"elementor-column elementor-col-100 elementor-top-column elementor-element elementor-element-6290ff0\" data-id=\"6290ff0\" data-element_type=\"column\" data-e-type=\"column\">\n\t\t\t<div class=\"elementor-widget-wrap elementor-element-populated\">\n\t\t\t\t\t\t<div class=\"elementor-element elementor-element-74b6d64 elementor-widget elementor-widget-html\" data-id=\"74b6d64\" data-element_type=\"widget\" data-e-type=\"widget\" data-widget_type=\"html.default\">\n\t\t\t\t<div class=\"elementor-widget-container\">\n\t\t\t\t\t<script>\njQuery(document).ready(function($) {\n    $('.wpcf7-form.init').attr('data-trp-translate', '0');\n});\n\n\n<\/script>\t\t\t\t<\/div>\n\t\t\t\t<\/div>\n\t\t\t\t\t<\/div>\n\t\t<\/div>\n\t\t\t\t\t<\/div>\n\t\t<\/section>\n\t\t\t\t<\/div>","protected":false},"excerpt":{"rendered":"<p>Diennakts t\u0101lrunis Diennakts t\u0101lrunis E-pasts Vienm\u0113r Jums blakus 24\/7 atbalsts un pakalpojumi <span class=\"more-tag\"><a class=\"more-link btn btn-maincolor\" href=\"https:\/\/www.klusums.lv\/ru\/kontakti\/\">Read More<span class=\"screen-reader-text\"> \"Kontakti\"<\/span><\/a><\/span><!-- .more-tag --><\/p>","protected":false},"author":1,"featured_media":6537,"parent":0,"menu_order":0,"comment_status":"closed","ping_status":"closed","template":"page-templates\/full-width.php","meta":{"footnotes":""},"class_list":["post-1425","page","type-page","status-publish","has-post-thumbnail","hentry"],"_links":{"self":[{"href":"https:\/\/www.klusums.lv\/ru\/wp-json\/wp\/v2\/pages\/1425","targetHints":{"allow":["GET"]}}],"collection":[{"href":"https:\/\/www.klusums.lv\/ru\/wp-json\/wp\/v2\/pages"}],"about":[{"href":"https:\/\/www.klusums.lv\/ru\/wp-json\/wp\/v2\/types\/page"}],"author":[{"embeddable":true,"href":"https:\/\/www.klusums.lv\/ru\/wp-json\/wp\/v2\/users\/1"}],"replies":[{"embeddable":true,"href":"https:\/\/www.klusums.lv\/ru\/wp-json\/wp\/v2\/comments?post=1425"}],"version-history":[{"count":1,"href":"https:\/\/www.klusums.lv\/ru\/wp-json\/wp\/v2\/pages\/1425\/revisions"}],"predecessor-version":[{"id":7006,"href":"https:\/\/www.klusums.lv\/ru\/wp-json\/wp\/v2\/pages\/1425\/revisions\/7006"}],"wp:featuredmedia":[{"embeddable":true,"href":"https:\/\/www.klusums.lv\/ru\/wp-json\/wp\/v2\/media\/6537"}],"wp:attachment":[{"href":"https:\/\/www.klusums.lv\/ru\/wp-json\/wp\/v2\/media?parent=1425"}],"curies":[{"name":"wp","href":"https:\/\/api.w.org\/{rel}","templated":true}]}}